{"id":350,"date":"2023-12-08T13:31:13","date_gmt":"2023-12-08T13:31:13","guid":{"rendered":"https:\/\/colegioalemanmcbo.com\/cam\/?page_id=350"},"modified":"2026-03-26T11:58:52","modified_gmt":"2026-03-26T15:58:52","slug":"mision-vision-valores","status":"publish","type":"page","link":"https:\/\/colegioalemanmcbo.com\/cam\/mision-vision-valores\/","title":{"rendered":"Valores"},"content":{"rendered":"\t\t<div data-elementor-type=\"wp-page\" data-elementor-id=\"350\" class=\"elementor elementor-350\" data-elementor-post-type=\"page\">\n\t\t\t\t\t\t<section class=\"elementor-section elementor-top-section elementor-element elementor-element-2216b8d5 elementor-section-height-min-height elementor-section-full_width elementor-section-items-bottom elementor-section-height-default\" data-id=\"2216b8d5\" data-element_type=\"section\" data-e-type=\"section\" data-settings=\"{&quot;background_background&quot;:&quot;classic&quot;}\">\n\t\t\t\t\t\t<div class=\"elementor-container elementor-column-gap-default\">\n\t\t\t\t\t<div class=\"elementor-column elementor-col-100 elementor-top-column elementor-element elementor-element-1bc47de7\" data-id=\"1bc47de7\" data-element_type=\"column\" data-e-type=\"column\" data-settings=\"{&quot;background_background&quot;:&quot;classic&quot;}\">\n\t\t\t<div class=\"elementor-widget-wrap elementor-element-populated\">\n\t\t\t\t\t\t<div class=\"elementor-element elementor-element-9a98d2f elementor-widget elementor-widget-heading\" data-id=\"9a98d2f\" data-element_type=\"widget\" data-e-type=\"widget\" data-widget_type=\"heading.default\">\n\t\t\t\t<div class=\"elementor-widget-container\">\n\t\t\t\t\t<h2 class=\"elementor-heading-title elementor-size-large\">Valores CAM<\/h2>\t\t\t\t<\/div>\n\t\t\t\t<\/div>\n\t\t\t\t\t<\/div>\n\t\t<\/div>\n\t\t\t\t\t<\/div>\n\t\t<\/section>\n\t\t\t\t<section class=\"elementor-section elementor-top-section elementor-element elementor-element-5640505 elementor-section-boxed elementor-section-height-default elementor-section-height-default\" data-id=\"5640505\" data-element_type=\"section\" data-e-type=\"section\">\n\t\t\t\t\t\t<div class=\"elementor-container elementor-column-gap-default\">\n\t\t\t\t\t<div class=\"elementor-column elementor-col-100 elementor-top-column elementor-element elementor-element-2920750\" data-id=\"2920750\" data-element_type=\"column\" data-e-type=\"column\">\n\t\t\t<div class=\"elementor-widget-wrap elementor-element-populated\">\n\t\t\t\t\t\t<div class=\"elementor-element elementor-element-dd1c04e elementor-widget elementor-widget-image\" data-id=\"dd1c04e\" data-element_type=\"widget\" data-e-type=\"widget\" data-widget_type=\"image.default\">\n\t\t\t\t<div class=\"elementor-widget-container\">\n\t\t\t\t\t\t\t\t\t\t\t\t\t\t\t<img fetchpriority=\"high\" decoding=\"async\" width=\"800\" height=\"526\" src=\"https:\/\/colegioalemanmcbo.com\/cam\/wp-content\/uploads\/2023\/12\/Profesores_cerca-1024x673.jpg\" class=\"attachment-large size-large wp-image-353\" alt=\"\" srcset=\"https:\/\/colegioalemanmcbo.com\/cam\/wp-content\/uploads\/2023\/12\/Profesores_cerca-1024x673.jpg 1024w, https:\/\/colegioalemanmcbo.com\/cam\/wp-content\/uploads\/2023\/12\/Profesores_cerca-300x197.jpg 300w, https:\/\/colegioalemanmcbo.com\/cam\/wp-content\/uploads\/2023\/12\/Profesores_cerca-768x505.jpg 768w, https:\/\/colegioalemanmcbo.com\/cam\/wp-content\/uploads\/2023\/12\/Profesores_cerca.jpg 1200w\" sizes=\"(max-width: 800px) 100vw, 800px\" \/>\t\t\t\t\t\t\t\t\t\t\t\t\t\t\t<\/div>\n\t\t\t\t<\/div>\n\t\t\t\t<div class=\"elementor-element elementor-element-2433d0a elementor-widget elementor-widget-heading\" data-id=\"2433d0a\" data-element_type=\"widget\" data-e-type=\"widget\" data-widget_type=\"heading.default\">\n\t\t\t\t<div class=\"elementor-widget-container\">\n\t\t\t\t\t<h2 class=\"elementor-heading-title elementor-size-default\">Misi\u00f3n<\/h2>\t\t\t\t<\/div>\n\t\t\t\t<\/div>\n\t\t\t\t<div class=\"elementor-element elementor-element-a9c7b94 elementor-widget elementor-widget-text-editor\" data-id=\"a9c7b94\" data-element_type=\"widget\" data-e-type=\"widget\" data-widget_type=\"text-editor.default\">\n\t\t\t\t<div class=\"elementor-widget-container\">\n\t\t\t\t\t\t\t\t\t<p>Impartir educaci\u00f3n integral en las etapas Inicial, Primaria y Media General a ni\u00f1os, ni\u00f1as y j\u00f3venes, desarrollando la convivencia entre venezolanos, alemanes y estudiantes de diferentes nacionalidades, sobre la base del respeto mutuo a la diversidad cultural, tomando en cuenta el intercambio de la lengua y su cultura, teniendo en consecuencia como requisito obligatorio en todos los niveles la ense\u00f1anza de idioma Alem\u00e1n.<\/p>\t\t\t\t\t\t\t\t<\/div>\n\t\t\t\t<\/div>\n\t\t\t\t<div class=\"elementor-element elementor-element-ab69463 elementor-widget-divider--view-line elementor-widget elementor-widget-divider\" data-id=\"ab69463\" data-element_type=\"widget\" data-e-type=\"widget\" data-widget_type=\"divider.default\">\n\t\t\t\t<div class=\"elementor-widget-container\">\n\t\t\t\t\t\t\t<div class=\"elementor-divider\">\n\t\t\t<span class=\"elementor-divider-separator\">\n\t\t\t\t\t\t<\/span>\n\t\t<\/div>\n\t\t\t\t\t\t<\/div>\n\t\t\t\t<\/div>\n\t\t\t\t\t<\/div>\n\t\t<\/div>\n\t\t\t\t\t<\/div>\n\t\t<\/section>\n\t\t\t\t<section class=\"elementor-section elementor-top-section elementor-element elementor-element-9c063c2 elementor-section-boxed elementor-section-height-default elementor-section-height-default\" data-id=\"9c063c2\" data-element_type=\"section\" data-e-type=\"section\">\n\t\t\t\t\t\t<div class=\"elementor-container elementor-column-gap-default\">\n\t\t\t\t\t<div class=\"elementor-column elementor-col-100 elementor-top-column elementor-element elementor-element-3d28661\" data-id=\"3d28661\" data-element_type=\"column\" data-e-type=\"column\">\n\t\t\t<div class=\"elementor-widget-wrap elementor-element-populated\">\n\t\t\t\t\t\t<div class=\"elementor-element elementor-element-bae6e23 elementor-widget elementor-widget-image\" data-id=\"bae6e23\" data-element_type=\"widget\" data-e-type=\"widget\" data-widget_type=\"image.default\">\n\t\t\t\t<div class=\"elementor-widget-container\">\n\t\t\t\t\t\t\t\t\t\t\t\t\t\t\t<img decoding=\"async\" width=\"800\" height=\"538\" src=\"https:\/\/colegioalemanmcbo.com\/cam\/wp-content\/uploads\/2023\/12\/Maestra-Primaria-1024x689.jpg\" class=\"attachment-large size-large wp-image-354\" alt=\"\" srcset=\"https:\/\/colegioalemanmcbo.com\/cam\/wp-content\/uploads\/2023\/12\/Maestra-Primaria-1024x689.jpg 1024w, https:\/\/colegioalemanmcbo.com\/cam\/wp-content\/uploads\/2023\/12\/Maestra-Primaria-300x202.jpg 300w, https:\/\/colegioalemanmcbo.com\/cam\/wp-content\/uploads\/2023\/12\/Maestra-Primaria-768x517.jpg 768w, https:\/\/colegioalemanmcbo.com\/cam\/wp-content\/uploads\/2023\/12\/Maestra-Primaria.jpg 1200w\" sizes=\"(max-width: 800px) 100vw, 800px\" \/>\t\t\t\t\t\t\t\t\t\t\t\t\t\t\t<\/div>\n\t\t\t\t<\/div>\n\t\t\t\t<div class=\"elementor-element elementor-element-f868f6f elementor-widget elementor-widget-heading\" data-id=\"f868f6f\" data-element_type=\"widget\" data-e-type=\"widget\" data-widget_type=\"heading.default\">\n\t\t\t\t<div class=\"elementor-widget-container\">\n\t\t\t\t\t<h2 class=\"elementor-heading-title elementor-size-default\">Visi\u00f3n<\/h2>\t\t\t\t<\/div>\n\t\t\t\t<\/div>\n\t\t\t\t<div class=\"elementor-element elementor-element-0fff9e9 elementor-widget elementor-widget-text-editor\" data-id=\"0fff9e9\" data-element_type=\"widget\" data-e-type=\"widget\" data-widget_type=\"text-editor.default\">\n\t\t\t\t<div class=\"elementor-widget-container\">\n\t\t\t\t\t\t\t\t\t<p>Contribuir a la formaci\u00f3n integral del futuro ciudadano a trav\u00e9s de una educaci\u00f3n sistematizada mediante el uso de nuevas tecnolog\u00edas que favorezca el desarrollo pleno de la personalidad incentivando j\u00f3venes, innovadores cr\u00edticos y anal\u00edticos; aptos para contribuir en la transformaci\u00f3n social en un marco de principios \u00e9ticos y valores de responsabilidad, honestidad e identidad nacional, que le permita la convivencia con otros j\u00f3venes de diversas nacionalidades, mediante intercambios de cultura, lengua y tradiciones.<\/p>\t\t\t\t\t\t\t\t<\/div>\n\t\t\t\t<\/div>\n\t\t\t\t<div class=\"elementor-element elementor-element-6bf0d13 elementor-widget-divider--view-line elementor-widget elementor-widget-divider\" data-id=\"6bf0d13\" data-element_type=\"widget\" data-e-type=\"widget\" data-widget_type=\"divider.default\">\n\t\t\t\t<div class=\"elementor-widget-container\">\n\t\t\t\t\t\t\t<div class=\"elementor-divider\">\n\t\t\t<span class=\"elementor-divider-separator\">\n\t\t\t\t\t\t<\/span>\n\t\t<\/div>\n\t\t\t\t\t\t<\/div>\n\t\t\t\t<\/div>\n\t\t\t\t\t<\/div>\n\t\t<\/div>\n\t\t\t\t\t<\/div>\n\t\t<\/section>\n\t\t\t\t<section class=\"elementor-section elementor-top-section elementor-element elementor-element-0286f07 elementor-section-boxed elementor-section-height-default elementor-section-height-default\" data-id=\"0286f07\" data-element_type=\"section\" data-e-type=\"section\">\n\t\t\t\t\t\t<div class=\"elementor-container elementor-column-gap-default\">\n\t\t\t\t\t<div class=\"elementor-column elementor-col-100 elementor-top-column elementor-element elementor-element-71935ba\" data-id=\"71935ba\" data-element_type=\"column\" data-e-type=\"column\">\n\t\t\t<div class=\"elementor-widget-wrap elementor-element-populated\">\n\t\t\t\t\t\t<div class=\"elementor-element elementor-element-4e43be7 elementor-widget elementor-widget-image\" data-id=\"4e43be7\" data-element_type=\"widget\" data-e-type=\"widget\" data-widget_type=\"image.default\">\n\t\t\t\t<div class=\"elementor-widget-container\">\n\t\t\t\t\t\t\t\t\t\t\t\t\t\t\t<img decoding=\"async\" width=\"800\" height=\"534\" src=\"https:\/\/colegioalemanmcbo.com\/cam\/wp-content\/uploads\/2023\/12\/Clase-Prima-1024x683.jpg\" class=\"attachment-large size-large wp-image-355\" alt=\"\" srcset=\"https:\/\/colegioalemanmcbo.com\/cam\/wp-content\/uploads\/2023\/12\/Clase-Prima-1024x683.jpg 1024w, https:\/\/colegioalemanmcbo.com\/cam\/wp-content\/uploads\/2023\/12\/Clase-Prima-300x200.jpg 300w, https:\/\/colegioalemanmcbo.com\/cam\/wp-content\/uploads\/2023\/12\/Clase-Prima-768x512.jpg 768w, https:\/\/colegioalemanmcbo.com\/cam\/wp-content\/uploads\/2023\/12\/Clase-Prima.jpg 1200w\" sizes=\"(max-width: 800px) 100vw, 800px\" \/>\t\t\t\t\t\t\t\t\t\t\t\t\t\t\t<\/div>\n\t\t\t\t<\/div>\n\t\t\t\t<div class=\"elementor-element elementor-element-87d6397 elementor-widget elementor-widget-heading\" data-id=\"87d6397\" data-element_type=\"widget\" data-e-type=\"widget\" data-widget_type=\"heading.default\">\n\t\t\t\t<div class=\"elementor-widget-container\">\n\t\t\t\t\t<h2 class=\"elementor-heading-title elementor-size-default\">Valores<\/h2>\t\t\t\t<\/div>\n\t\t\t\t<\/div>\n\t\t\t\t<div class=\"elementor-element elementor-element-2a46f3c elementor-widget elementor-widget-text-editor\" data-id=\"2a46f3c\" data-element_type=\"widget\" data-e-type=\"widget\" data-widget_type=\"text-editor.default\">\n\t\t\t\t<div class=\"elementor-widget-container\">\n\t\t\t\t\t\t\t\t\t<p>El Colegio Alem\u00e1n de Maracaibo tiene como prop\u00f3sito fundamental garantizar a los alumnos la formaci\u00f3n y ense\u00f1anza de valores, inmersa en toda la pr\u00e1ctica educativa de nuestra instituci\u00f3n. Esta trata de la transmisi\u00f3n de reglas de conductas y actitudes que llevan a nuestros estudiantes a la comprensi\u00f3n de conceptos morales y \u00e9ticos.<br \/>Este proyecto de valores se desarrolla tomando en cuenta las necesidades existentes en la instituci\u00f3n lo cual propone un proceso eficaz y eficiente en todas las \u00e1reas de estudio que da como resultado el buen desempe\u00f1o de la formaci\u00f3n personal y social.<br \/>Para ello nos basamos en la:<\/p><ul><li>Honestidad.<\/li><li>Inclusi\u00f3n.<\/li><li>Respeto.<\/li><li>Compromiso.<\/li><li>Justicia.<\/li><li>Solidaridad.<\/li><\/ul>\t\t\t\t\t\t\t\t<\/div>\n\t\t\t\t<\/div>\n\t\t\t\t<div class=\"elementor-element elementor-element-bc618c2 elementor-widget-divider--view-line elementor-widget elementor-widget-divider\" data-id=\"bc618c2\" data-element_type=\"widget\" data-e-type=\"widget\" data-widget_type=\"divider.default\">\n\t\t\t\t<div class=\"elementor-widget-container\">\n\t\t\t\t\t\t\t<div class=\"elementor-divider\">\n\t\t\t<span class=\"elementor-divider-separator\">\n\t\t\t\t\t\t<\/span>\n\t\t<\/div>\n\t\t\t\t\t\t<\/div>\n\t\t\t\t<\/div>\n\t\t\t\t\t<\/div>\n\t\t<\/div>\n\t\t\t\t\t<\/div>\n\t\t<\/section>\n\t\t\t\t<\/div>\n\t\t","protected":false},"excerpt":{"rendered":"<p>Valores CAM Misi\u00f3n Impartir educaci\u00f3n integral en las etapas Inicial, Primaria y Media General a ni\u00f1os, ni\u00f1as y j\u00f3venes, desarrollando la convivencia entre venezolanos, alemanes y estudiantes de diferentes nacionalidades, sobre la base del respeto mutuo a la diversidad cultural, tomando en cuenta el intercambio de la lengua y su cultura, teniendo en consecuencia como [&hellip;]<\/p>\n","protected":false},"author":1,"featured_media":0,"parent":0,"menu_order":0,"comment_status":"closed","ping_status":"closed","template":"","meta":{"_joinchat":[],"footnotes":""},"class_list":["post-350","page","type-page","status-publish","hentry"],"yoast_head":"<!-- This site is optimized with the Yoast SEO plugin v27.3 - https:\/\/yoast.com\/product\/yoast-seo-wordpress\/ -->\n<title>Valores - Colegio Alem\u00e1n de Maracaibo<\/title>\n<meta name=\"robots\" content=\"index, follow, max-snippet:-1, max-image-preview:large, max-video-preview:-1\" \/>\n<link rel=\"canonical\" href=\"https:\/\/colegioalemanmcbo.com\/cam\/mision-vision-valores\/\" \/>\n<meta property=\"og:locale\" content=\"es_ES\" \/>\n<meta property=\"og:type\" content=\"article\" \/>\n<meta property=\"og:title\" content=\"Valores - Colegio Alem\u00e1n de Maracaibo\" \/>\n<meta property=\"og:description\" content=\"Valores CAM Misi\u00f3n Impartir educaci\u00f3n integral en las etapas Inicial, Primaria y Media General a ni\u00f1os, ni\u00f1as y j\u00f3venes, desarrollando la convivencia entre venezolanos, alemanes y estudiantes de diferentes nacionalidades, sobre la base del respeto mutuo a la diversidad cultural, tomando en cuenta el intercambio de la lengua y su cultura, teniendo en consecuencia como [&hellip;]\" \/>\n<meta property=\"og:url\" content=\"https:\/\/colegioalemanmcbo.com\/cam\/mision-vision-valores\/\" \/>\n<meta property=\"og:site_name\" content=\"Colegio Alem\u00e1n de Maracaibo\" \/>\n<meta property=\"article:publisher\" content=\"https:\/\/www.facebook.com\/Colegioalemandemaracaibo\" \/>\n<meta property=\"article:modified_time\" content=\"2026-03-26T15:58:52+00:00\" \/>\n<meta property=\"og:image\" content=\"https:\/\/colegioalemanmcbo.com\/cam\/wp-content\/uploads\/2023\/12\/Profesores_cerca.jpg\" \/>\n\t<meta property=\"og:image:width\" content=\"1200\" \/>\n\t<meta property=\"og:image:height\" content=\"789\" \/>\n\t<meta property=\"og:image:type\" content=\"image\/jpeg\" \/>\n<meta name=\"twitter:card\" content=\"summary_large_image\" \/>\n<meta name=\"twitter:site\" content=\"@AlemanMaracaibo\" \/>\n<meta name=\"twitter:label1\" content=\"Tiempo de lectura\" \/>\n\t<meta name=\"twitter:data1\" content=\"2 minutos\" \/>\n<script type=\"application\/ld+json\" class=\"yoast-schema-graph\">{\"@context\":\"https:\\\/\\\/schema.org\",\"@graph\":[{\"@type\":\"WebPage\",\"@id\":\"https:\\\/\\\/colegioalemanmcbo.com\\\/cam\\\/mision-vision-valores\\\/\",\"url\":\"https:\\\/\\\/colegioalemanmcbo.com\\\/cam\\\/mision-vision-valores\\\/\",\"name\":\"Valores - Colegio Alem\u00e1n de Maracaibo\",\"isPartOf\":{\"@id\":\"https:\\\/\\\/colegioalemanmcbo.com\\\/cam\\\/#website\"},\"primaryImageOfPage\":{\"@id\":\"https:\\\/\\\/colegioalemanmcbo.com\\\/cam\\\/mision-vision-valores\\\/#primaryimage\"},\"image\":{\"@id\":\"https:\\\/\\\/colegioalemanmcbo.com\\\/cam\\\/mision-vision-valores\\\/#primaryimage\"},\"thumbnailUrl\":\"https:\\\/\\\/colegioalemanmcbo.com\\\/cam\\\/wp-content\\\/uploads\\\/2023\\\/12\\\/Profesores_cerca-1024x673.jpg\",\"datePublished\":\"2023-12-08T13:31:13+00:00\",\"dateModified\":\"2026-03-26T15:58:52+00:00\",\"breadcrumb\":{\"@id\":\"https:\\\/\\\/colegioalemanmcbo.com\\\/cam\\\/mision-vision-valores\\\/#breadcrumb\"},\"inLanguage\":\"es\",\"potentialAction\":[{\"@type\":\"ReadAction\",\"target\":[\"https:\\\/\\\/colegioalemanmcbo.com\\\/cam\\\/mision-vision-valores\\\/\"]}]},{\"@type\":\"ImageObject\",\"inLanguage\":\"es\",\"@id\":\"https:\\\/\\\/colegioalemanmcbo.com\\\/cam\\\/mision-vision-valores\\\/#primaryimage\",\"url\":\"https:\\\/\\\/colegioalemanmcbo.com\\\/cam\\\/wp-content\\\/uploads\\\/2023\\\/12\\\/Profesores_cerca.jpg\",\"contentUrl\":\"https:\\\/\\\/colegioalemanmcbo.com\\\/cam\\\/wp-content\\\/uploads\\\/2023\\\/12\\\/Profesores_cerca.jpg\",\"width\":1200,\"height\":789},{\"@type\":\"BreadcrumbList\",\"@id\":\"https:\\\/\\\/colegioalemanmcbo.com\\\/cam\\\/mision-vision-valores\\\/#breadcrumb\",\"itemListElement\":[{\"@type\":\"ListItem\",\"position\":1,\"name\":\"Portada\",\"item\":\"https:\\\/\\\/colegioalemanmcbo.com\\\/cam\\\/\"},{\"@type\":\"ListItem\",\"position\":2,\"name\":\"Valores\"}]},{\"@type\":\"WebSite\",\"@id\":\"https:\\\/\\\/colegioalemanmcbo.com\\\/cam\\\/#website\",\"url\":\"https:\\\/\\\/colegioalemanmcbo.com\\\/cam\\\/\",\"name\":\"https:\\\/\\\/colegioalemanmcbo.com\\\/cam\\\/\",\"description\":\"Excelencia Educativa\",\"publisher\":{\"@id\":\"https:\\\/\\\/colegioalemanmcbo.com\\\/cam\\\/#organization\"},\"potentialAction\":[{\"@type\":\"SearchAction\",\"target\":{\"@type\":\"EntryPoint\",\"urlTemplate\":\"https:\\\/\\\/colegioalemanmcbo.com\\\/cam\\\/?s={search_term_string}\"},\"query-input\":{\"@type\":\"PropertyValueSpecification\",\"valueRequired\":true,\"valueName\":\"search_term_string\"}}],\"inLanguage\":\"es\"},{\"@type\":\"Organization\",\"@id\":\"https:\\\/\\\/colegioalemanmcbo.com\\\/cam\\\/#organization\",\"name\":\"Colegio Alem\u00e1n de Maracaibo\",\"url\":\"https:\\\/\\\/colegioalemanmcbo.com\\\/cam\\\/\",\"logo\":{\"@type\":\"ImageObject\",\"inLanguage\":\"es\",\"@id\":\"https:\\\/\\\/colegioalemanmcbo.com\\\/cam\\\/#\\\/schema\\\/logo\\\/image\\\/\",\"url\":\"https:\\\/\\\/colegioalemanmcbo.com\\\/cam\\\/wp-content\\\/uploads\\\/2026\\\/03\\\/logocam-w.png\",\"contentUrl\":\"https:\\\/\\\/colegioalemanmcbo.com\\\/cam\\\/wp-content\\\/uploads\\\/2026\\\/03\\\/logocam-w.png\",\"width\":322,\"height\":434,\"caption\":\"Colegio Alem\u00e1n de Maracaibo\"},\"image\":{\"@id\":\"https:\\\/\\\/colegioalemanmcbo.com\\\/cam\\\/#\\\/schema\\\/logo\\\/image\\\/\"},\"sameAs\":[\"https:\\\/\\\/www.facebook.com\\\/Colegioalemandemaracaibo\",\"https:\\\/\\\/x.com\\\/AlemanMaracaibo\",\"https:\\\/\\\/www.instagram.com\\\/alemanmaracaibo\\\/\"]}]}<\/script>\n<!-- \/ Yoast SEO plugin. -->","yoast_head_json":{"title":"Valores - Colegio Alem\u00e1n de Maracaibo","robots":{"index":"index","follow":"follow","max-snippet":"max-snippet:-1","max-image-preview":"max-image-preview:large","max-video-preview":"max-video-preview:-1"},"canonical":"https:\/\/colegioalemanmcbo.com\/cam\/mision-vision-valores\/","og_locale":"es_ES","og_type":"article","og_title":"Valores - Colegio Alem\u00e1n de Maracaibo","og_description":"Valores CAM Misi\u00f3n Impartir educaci\u00f3n integral en las etapas Inicial, Primaria y Media General a ni\u00f1os, ni\u00f1as y j\u00f3venes, desarrollando la convivencia entre venezolanos, alemanes y estudiantes de diferentes nacionalidades, sobre la base del respeto mutuo a la diversidad cultural, tomando en cuenta el intercambio de la lengua y su cultura, teniendo en consecuencia como [&hellip;]","og_url":"https:\/\/colegioalemanmcbo.com\/cam\/mision-vision-valores\/","og_site_name":"Colegio Alem\u00e1n de Maracaibo","article_publisher":"https:\/\/www.facebook.com\/Colegioalemandemaracaibo","article_modified_time":"2026-03-26T15:58:52+00:00","og_image":[{"width":1200,"height":789,"url":"https:\/\/colegioalemanmcbo.com\/cam\/wp-content\/uploads\/2023\/12\/Profesores_cerca.jpg","type":"image\/jpeg"}],"twitter_card":"summary_large_image","twitter_site":"@AlemanMaracaibo","twitter_misc":{"Tiempo de lectura":"2 minutos"},"schema":{"@context":"https:\/\/schema.org","@graph":[{"@type":"WebPage","@id":"https:\/\/colegioalemanmcbo.com\/cam\/mision-vision-valores\/","url":"https:\/\/colegioalemanmcbo.com\/cam\/mision-vision-valores\/","name":"Valores - Colegio Alem\u00e1n de Maracaibo","isPartOf":{"@id":"https:\/\/colegioalemanmcbo.com\/cam\/#website"},"primaryImageOfPage":{"@id":"https:\/\/colegioalemanmcbo.com\/cam\/mision-vision-valores\/#primaryimage"},"image":{"@id":"https:\/\/colegioalemanmcbo.com\/cam\/mision-vision-valores\/#primaryimage"},"thumbnailUrl":"https:\/\/colegioalemanmcbo.com\/cam\/wp-content\/uploads\/2023\/12\/Profesores_cerca-1024x673.jpg","datePublished":"2023-12-08T13:31:13+00:00","dateModified":"2026-03-26T15:58:52+00:00","breadcrumb":{"@id":"https:\/\/colegioalemanmcbo.com\/cam\/mision-vision-valores\/#breadcrumb"},"inLanguage":"es","potentialAction":[{"@type":"ReadAction","target":["https:\/\/colegioalemanmcbo.com\/cam\/mision-vision-valores\/"]}]},{"@type":"ImageObject","inLanguage":"es","@id":"https:\/\/colegioalemanmcbo.com\/cam\/mision-vision-valores\/#primaryimage","url":"https:\/\/colegioalemanmcbo.com\/cam\/wp-content\/uploads\/2023\/12\/Profesores_cerca.jpg","contentUrl":"https:\/\/colegioalemanmcbo.com\/cam\/wp-content\/uploads\/2023\/12\/Profesores_cerca.jpg","width":1200,"height":789},{"@type":"BreadcrumbList","@id":"https:\/\/colegioalemanmcbo.com\/cam\/mision-vision-valores\/#breadcrumb","itemListElement":[{"@type":"ListItem","position":1,"name":"Portada","item":"https:\/\/colegioalemanmcbo.com\/cam\/"},{"@type":"ListItem","position":2,"name":"Valores"}]},{"@type":"WebSite","@id":"https:\/\/colegioalemanmcbo.com\/cam\/#website","url":"https:\/\/colegioalemanmcbo.com\/cam\/","name":"https:\/\/colegioalemanmcbo.com\/cam\/","description":"Excelencia Educativa","publisher":{"@id":"https:\/\/colegioalemanmcbo.com\/cam\/#organization"},"potentialAction":[{"@type":"SearchAction","target":{"@type":"EntryPoint","urlTemplate":"https:\/\/colegioalemanmcbo.com\/cam\/?s={search_term_string}"},"query-input":{"@type":"PropertyValueSpecification","valueRequired":true,"valueName":"search_term_string"}}],"inLanguage":"es"},{"@type":"Organization","@id":"https:\/\/colegioalemanmcbo.com\/cam\/#organization","name":"Colegio Alem\u00e1n de Maracaibo","url":"https:\/\/colegioalemanmcbo.com\/cam\/","logo":{"@type":"ImageObject","inLanguage":"es","@id":"https:\/\/colegioalemanmcbo.com\/cam\/#\/schema\/logo\/image\/","url":"https:\/\/colegioalemanmcbo.com\/cam\/wp-content\/uploads\/2026\/03\/logocam-w.png","contentUrl":"https:\/\/colegioalemanmcbo.com\/cam\/wp-content\/uploads\/2026\/03\/logocam-w.png","width":322,"height":434,"caption":"Colegio Alem\u00e1n de Maracaibo"},"image":{"@id":"https:\/\/colegioalemanmcbo.com\/cam\/#\/schema\/logo\/image\/"},"sameAs":["https:\/\/www.facebook.com\/Colegioalemandemaracaibo","https:\/\/x.com\/AlemanMaracaibo","https:\/\/www.instagram.com\/alemanmaracaibo\/"]}]}},"_links":{"self":[{"href":"https:\/\/colegioalemanmcbo.com\/cam\/wp-json\/wp\/v2\/pages\/350","targetHints":{"allow":["GET"]}}],"collection":[{"href":"https:\/\/colegioalemanmcbo.com\/cam\/wp-json\/wp\/v2\/pages"}],"about":[{"href":"https:\/\/colegioalemanmcbo.com\/cam\/wp-json\/wp\/v2\/types\/page"}],"author":[{"embeddable":true,"href":"https:\/\/colegioalemanmcbo.com\/cam\/wp-json\/wp\/v2\/users\/1"}],"replies":[{"embeddable":true,"href":"https:\/\/colegioalemanmcbo.com\/cam\/wp-json\/wp\/v2\/comments?post=350"}],"version-history":[{"count":14,"href":"https:\/\/colegioalemanmcbo.com\/cam\/wp-json\/wp\/v2\/pages\/350\/revisions"}],"predecessor-version":[{"id":6036,"href":"https:\/\/colegioalemanmcbo.com\/cam\/wp-json\/wp\/v2\/pages\/350\/revisions\/6036"}],"wp:attachment":[{"href":"https:\/\/colegioalemanmcbo.com\/cam\/wp-json\/wp\/v2\/media?parent=350"}],"curies":[{"name":"wp","href":"https:\/\/api.w.org\/{rel}","templated":true}]}}