{"id":3950,"date":"2025-07-01T20:53:27","date_gmt":"2025-07-01T20:53:27","guid":{"rendered":"https:\/\/colegioalemanmcbo.com\/cam\/?page_id=3950"},"modified":"2026-03-26T15:28:22","modified_gmt":"2026-03-26T19:28:22","slug":"acuerdo-de-convivencia","status":"publish","type":"page","link":"https:\/\/colegioalemanmcbo.com\/cam\/acuerdo-de-convivencia\/","title":{"rendered":"Acuerdo de convivencia"},"content":{"rendered":"\t\t<div data-elementor-type=\"wp-page\" data-elementor-id=\"3950\" class=\"elementor elementor-3950\" data-elementor-post-type=\"page\">\n\t\t\t\t\t\t<section class=\"elementor-section elementor-top-section elementor-element elementor-element-691e7506 elementor-section-boxed elementor-section-height-default elementor-section-height-default\" data-id=\"691e7506\" data-element_type=\"section\" data-e-type=\"section\">\n\t\t\t\t\t\t\t<div class=\"elementor-background-overlay\"><\/div>\n\t\t\t\t\t\t\t<div class=\"elementor-container elementor-column-gap-default\">\n\t\t\t\t\t<div class=\"elementor-column elementor-col-100 elementor-top-column elementor-element elementor-element-4bf8296d\" data-id=\"4bf8296d\" data-element_type=\"column\" data-e-type=\"column\">\n\t\t\t<div class=\"elementor-widget-wrap elementor-element-populated\">\n\t\t\t\t\t\t<section class=\"elementor-section elementor-inner-section elementor-element elementor-element-5d9d165 elementor-section-boxed elementor-section-height-default elementor-section-height-default\" data-id=\"5d9d165\" data-element_type=\"section\" data-e-type=\"section\">\n\t\t\t\t\t\t<div class=\"elementor-container elementor-column-gap-default\">\n\t\t\t\t\t<div class=\"elementor-column elementor-col-100 elementor-inner-column elementor-element elementor-element-91eb26f\" data-id=\"91eb26f\" data-element_type=\"column\" data-e-type=\"column\">\n\t\t\t<div class=\"elementor-widget-wrap elementor-element-populated\">\n\t\t\t\t\t\t<div class=\"elementor-element elementor-element-199bddb elementor-widget elementor-widget-heading\" data-id=\"199bddb\" data-element_type=\"widget\" data-e-type=\"widget\" data-widget_type=\"heading.default\">\n\t\t\t\t<div class=\"elementor-widget-container\">\n\t\t\t\t\t<h2 class=\"elementor-heading-title elementor-size-default\">Acuerdo de convivencia<\/h2>\t\t\t\t<\/div>\n\t\t\t\t<\/div>\n\t\t\t\t<div class=\"elementor-element elementor-element-59d9a24 elementor-widget elementor-widget-image\" data-id=\"59d9a24\" data-element_type=\"widget\" data-e-type=\"widget\" data-widget_type=\"image.default\">\n\t\t\t\t<div class=\"elementor-widget-container\">\n\t\t\t\t\t\t\t\t\t\t\t\t\t\t\t<img fetchpriority=\"high\" decoding=\"async\" width=\"773\" height=\"172\" src=\"https:\/\/colegioalemanmcbo.com\/cam\/wp-content\/uploads\/2026\/03\/camlog.png\" class=\"attachment-large size-large wp-image-6058\" alt=\"\" srcset=\"https:\/\/colegioalemanmcbo.com\/cam\/wp-content\/uploads\/2026\/03\/camlog.png 773w, https:\/\/colegioalemanmcbo.com\/cam\/wp-content\/uploads\/2026\/03\/camlog-300x67.png 300w, https:\/\/colegioalemanmcbo.com\/cam\/wp-content\/uploads\/2026\/03\/camlog-768x171.png 768w\" sizes=\"(max-width: 773px) 100vw, 773px\" \/>\t\t\t\t\t\t\t\t\t\t\t\t\t\t\t<\/div>\n\t\t\t\t<\/div>\n\t\t\t\t\t<\/div>\n\t\t<\/div>\n\t\t\t\t\t<\/div>\n\t\t<\/section>\n\t\t\t\t<section class=\"elementor-section elementor-inner-section elementor-element elementor-element-98673be elementor-section-boxed elementor-section-height-default elementor-section-height-default\" data-id=\"98673be\" data-element_type=\"section\" data-e-type=\"section\">\n\t\t\t\t\t\t<div class=\"elementor-container elementor-column-gap-default\">\n\t\t\t\t\t<div class=\"elementor-column elementor-col-100 elementor-inner-column elementor-element elementor-element-7e2e535\" data-id=\"7e2e535\" data-element_type=\"column\" data-e-type=\"column\">\n\t\t\t<div class=\"elementor-widget-wrap elementor-element-populated\">\n\t\t\t\t\t\t<div class=\"elementor-element elementor-element-3ff02ab7 elementor-widget elementor-widget-text-editor\" data-id=\"3ff02ab7\" data-element_type=\"widget\" data-e-type=\"widget\" data-widget_type=\"text-editor.default\">\n\t\t\t\t<div class=\"elementor-widget-container\">\n\t\t\t\t\t\t\t\t\t<p>Es muy importante que descargues y leas nuestro acuerdo de convivencia y paz<\/p>\t\t\t\t\t\t\t\t<\/div>\n\t\t\t\t<\/div>\n\t\t\t\t<div class=\"elementor-element elementor-element-c582ca4 elementor-align-center elementor-widget elementor-widget-button\" data-id=\"c582ca4\" data-element_type=\"widget\" data-e-type=\"widget\" data-widget_type=\"button.default\">\n\t\t\t\t<div class=\"elementor-widget-container\">\n\t\t\t\t\t\t\t\t\t<div class=\"elementor-button-wrapper\">\n\t\t\t\t\t<a class=\"elementor-button elementor-button-link elementor-size-md\" href=\"https:\/\/colegioalemanmcbo.com\/cam\/online\/wp-content\/uploads\/2025\/07\/ACUERDO-DE-CONVIVENCIA-Y-PAZ.pdf\">\n\t\t\t\t\t\t<span class=\"elementor-button-content-wrapper\">\n\t\t\t\t\t\t\t\t\t<span class=\"elementor-button-text\">Descargar Acuerdo de convivencia y paz<\/span>\n\t\t\t\t\t<\/span>\n\t\t\t\t\t<\/a>\n\t\t\t\t<\/div>\n\t\t\t\t\t\t\t\t<\/div>\n\t\t\t\t<\/div>\n\t\t\t\t<div class=\"elementor-element elementor-element-ce8fb2d elementor-widget elementor-widget-text-editor\" data-id=\"ce8fb2d\" data-element_type=\"widget\" data-e-type=\"widget\" data-widget_type=\"text-editor.default\">\n\t\t\t\t<div class=\"elementor-widget-container\">\n\t\t\t\t\t\t\t\t\t<p>Descarga la planilla de acuerdo de convivencia para tu representado, ll\u00e9nala, firmal\u00e1 y entregal\u00e1 en el Colegio.<\/p>\t\t\t\t\t\t\t\t<\/div>\n\t\t\t\t<\/div>\n\t\t\t\t\t<\/div>\n\t\t<\/div>\n\t\t\t\t\t<\/div>\n\t\t<\/section>\n\t\t\t\t<section class=\"elementor-section elementor-inner-section elementor-element elementor-element-3071a6c elementor-section-boxed elementor-section-height-default elementor-section-height-default\" data-id=\"3071a6c\" data-element_type=\"section\" data-e-type=\"section\">\n\t\t\t\t\t\t<div class=\"elementor-container elementor-column-gap-default\">\n\t\t\t\t\t<div class=\"elementor-column elementor-col-33 elementor-inner-column elementor-element elementor-element-5046716\" data-id=\"5046716\" data-element_type=\"column\" data-e-type=\"column\">\n\t\t\t<div class=\"elementor-widget-wrap elementor-element-populated\">\n\t\t\t\t\t\t<div class=\"elementor-element elementor-element-82ee02d elementor-align-center elementor-widget elementor-widget-button\" data-id=\"82ee02d\" data-element_type=\"widget\" data-e-type=\"widget\" data-widget_type=\"button.default\">\n\t\t\t\t<div class=\"elementor-widget-container\">\n\t\t\t\t\t\t\t\t\t<div class=\"elementor-button-wrapper\">\n\t\t\t\t\t<a class=\"elementor-button elementor-button-link elementor-size-md\" href=\"https:\/\/colegioalemanmcbo.com\/cam\/online\/wp-content\/uploads\/2025\/07\/ACUERDO-CONV-INICIAL-2025-2026.pdf\">\n\t\t\t\t\t\t<span class=\"elementor-button-content-wrapper\">\n\t\t\t\t\t\t\t\t\t<span class=\"elementor-button-text\">Acuerdo de convivencia inicial<\/span>\n\t\t\t\t\t<\/span>\n\t\t\t\t\t<\/a>\n\t\t\t\t<\/div>\n\t\t\t\t\t\t\t\t<\/div>\n\t\t\t\t<\/div>\n\t\t\t\t\t<\/div>\n\t\t<\/div>\n\t\t\t\t<div class=\"elementor-column elementor-col-33 elementor-inner-column elementor-element elementor-element-b9d0a06\" data-id=\"b9d0a06\" data-element_type=\"column\" data-e-type=\"column\">\n\t\t\t<div class=\"elementor-widget-wrap elementor-element-populated\">\n\t\t\t\t\t\t<div class=\"elementor-element elementor-element-8214b3c elementor-align-center elementor-widget elementor-widget-button\" data-id=\"8214b3c\" data-element_type=\"widget\" data-e-type=\"widget\" data-widget_type=\"button.default\">\n\t\t\t\t<div class=\"elementor-widget-container\">\n\t\t\t\t\t\t\t\t\t<div class=\"elementor-button-wrapper\">\n\t\t\t\t\t<a class=\"elementor-button elementor-button-link elementor-size-md\" href=\"https:\/\/colegioalemanmcbo.com\/cam\/online\/wp-content\/uploads\/2025\/07\/ACUERDO-CONV-PRIMARIA-2025-2026.pdf\">\n\t\t\t\t\t\t<span class=\"elementor-button-content-wrapper\">\n\t\t\t\t\t\t\t\t\t<span class=\"elementor-button-text\">Acuerdo de convivencia Primaria<\/span>\n\t\t\t\t\t<\/span>\n\t\t\t\t\t<\/a>\n\t\t\t\t<\/div>\n\t\t\t\t\t\t\t\t<\/div>\n\t\t\t\t<\/div>\n\t\t\t\t\t<\/div>\n\t\t<\/div>\n\t\t\t\t<div class=\"elementor-column elementor-col-33 elementor-inner-column elementor-element elementor-element-18a28dc\" data-id=\"18a28dc\" data-element_type=\"column\" data-e-type=\"column\">\n\t\t\t<div class=\"elementor-widget-wrap elementor-element-populated\">\n\t\t\t\t\t\t<div class=\"elementor-element elementor-element-49f38e0 elementor-align-center elementor-widget elementor-widget-button\" data-id=\"49f38e0\" data-element_type=\"widget\" data-e-type=\"widget\" data-widget_type=\"button.default\">\n\t\t\t\t<div class=\"elementor-widget-container\">\n\t\t\t\t\t\t\t\t\t<div class=\"elementor-button-wrapper\">\n\t\t\t\t\t<a class=\"elementor-button elementor-button-link elementor-size-md\" href=\"https:\/\/colegioalemanmcbo.com\/cam\/online\/wp-content\/uploads\/2025\/07\/ACUERDO-CONV-M.G-2025-2026.pdf\">\n\t\t\t\t\t\t<span class=\"elementor-button-content-wrapper\">\n\t\t\t\t\t\t\t\t\t<span class=\"elementor-button-text\">Acuerdo de convivencia Media General<\/span>\n\t\t\t\t\t<\/span>\n\t\t\t\t\t<\/a>\n\t\t\t\t<\/div>\n\t\t\t\t\t\t\t\t<\/div>\n\t\t\t\t<\/div>\n\t\t\t\t\t<\/div>\n\t\t<\/div>\n\t\t\t\t\t<\/div>\n\t\t<\/section>\n\t\t\t\t<div class=\"elementor-element elementor-element-46b2589 elementor-widget elementor-widget-spacer\" data-id=\"46b2589\" data-element_type=\"widget\" data-e-type=\"widget\" data-widget_type=\"spacer.default\">\n\t\t\t\t<div class=\"elementor-widget-container\">\n\t\t\t\t\t\t\t<div class=\"elementor-spacer\">\n\t\t\t<div class=\"elementor-spacer-inner\"><\/div>\n\t\t<\/div>\n\t\t\t\t\t\t<\/div>\n\t\t\t\t<\/div>\n\t\t\t\t\t<\/div>\n\t\t<\/div>\n\t\t\t\t\t<\/div>\n\t\t<\/section>\n\t\t\t\t<\/div>\n\t\t","protected":false},"excerpt":{"rendered":"<p>Acuerdo de convivencia Es muy importante que descargues y leas nuestro acuerdo de convivencia y paz Descargar Acuerdo de convivencia y paz Descarga la planilla de acuerdo de convivencia para tu representado, ll\u00e9nala, firmal\u00e1 y entregal\u00e1 en el Colegio. Acuerdo de convivencia inicial Acuerdo de convivencia Primaria Acuerdo de convivencia Media General<\/p>\n","protected":false},"author":1,"featured_media":0,"parent":0,"menu_order":0,"comment_status":"closed","ping_status":"closed","template":"","meta":{"_joinchat":[],"footnotes":""},"class_list":["post-3950","page","type-page","status-publish","hentry"],"yoast_head":"<!-- This site is optimized with the Yoast SEO plugin v27.3 - https:\/\/yoast.com\/product\/yoast-seo-wordpress\/ -->\n<title>Acuerdo de convivencia - Colegio Alem\u00e1n de Maracaibo<\/title>\n<meta name=\"description\" content=\"Descarga, llena y firma el acuerdo de convivencia CAM\" \/>\n<meta name=\"robots\" content=\"index, follow, max-snippet:-1, max-image-preview:large, max-video-preview:-1\" \/>\n<link rel=\"canonical\" href=\"https:\/\/colegioalemanmcbo.com\/cam\/acuerdo-de-convivencia\/\" \/>\n<meta property=\"og:locale\" content=\"es_ES\" \/>\n<meta property=\"og:type\" content=\"article\" \/>\n<meta property=\"og:title\" content=\"Acuerdo de convivencia - Colegio Alem\u00e1n de Maracaibo\" \/>\n<meta property=\"og:description\" content=\"Descarga, llena y firma el acuerdo de convivencia CAM\" \/>\n<meta property=\"og:url\" content=\"https:\/\/colegioalemanmcbo.com\/cam\/acuerdo-de-convivencia\/\" \/>\n<meta property=\"og:site_name\" content=\"Colegio Alem\u00e1n de Maracaibo\" \/>\n<meta property=\"article:publisher\" content=\"https:\/\/www.facebook.com\/Colegioalemandemaracaibo\" \/>\n<meta property=\"article:modified_time\" content=\"2026-03-26T19:28:22+00:00\" \/>\n<meta property=\"og:image\" content=\"https:\/\/colegioalemanmcbo.com\/cam\/wp-content\/uploads\/2026\/03\/camlog.png\" \/>\n\t<meta property=\"og:image:width\" content=\"773\" \/>\n\t<meta property=\"og:image:height\" content=\"172\" \/>\n\t<meta property=\"og:image:type\" content=\"image\/png\" \/>\n<meta name=\"twitter:card\" content=\"summary_large_image\" \/>\n<meta name=\"twitter:site\" content=\"@AlemanMaracaibo\" \/>\n<meta name=\"twitter:label1\" content=\"Tiempo de lectura\" \/>\n\t<meta name=\"twitter:data1\" content=\"1 minuto\" \/>\n<script type=\"application\/ld+json\" class=\"yoast-schema-graph\">{\"@context\":\"https:\\\/\\\/schema.org\",\"@graph\":[{\"@type\":\"WebPage\",\"@id\":\"https:\\\/\\\/colegioalemanmcbo.com\\\/cam\\\/acuerdo-de-convivencia\\\/\",\"url\":\"https:\\\/\\\/colegioalemanmcbo.com\\\/cam\\\/acuerdo-de-convivencia\\\/\",\"name\":\"Acuerdo de convivencia - Colegio Alem\u00e1n de Maracaibo\",\"isPartOf\":{\"@id\":\"https:\\\/\\\/colegioalemanmcbo.com\\\/cam\\\/#website\"},\"primaryImageOfPage\":{\"@id\":\"https:\\\/\\\/colegioalemanmcbo.com\\\/cam\\\/acuerdo-de-convivencia\\\/#primaryimage\"},\"image\":{\"@id\":\"https:\\\/\\\/colegioalemanmcbo.com\\\/cam\\\/acuerdo-de-convivencia\\\/#primaryimage\"},\"thumbnailUrl\":\"https:\\\/\\\/colegioalemanmcbo.com\\\/cam\\\/wp-content\\\/uploads\\\/2026\\\/03\\\/camlog.png\",\"datePublished\":\"2025-07-01T20:53:27+00:00\",\"dateModified\":\"2026-03-26T19:28:22+00:00\",\"description\":\"Descarga, llena y firma el acuerdo de convivencia CAM\",\"breadcrumb\":{\"@id\":\"https:\\\/\\\/colegioalemanmcbo.com\\\/cam\\\/acuerdo-de-convivencia\\\/#breadcrumb\"},\"inLanguage\":\"es\",\"potentialAction\":[{\"@type\":\"ReadAction\",\"target\":[\"https:\\\/\\\/colegioalemanmcbo.com\\\/cam\\\/acuerdo-de-convivencia\\\/\"]}]},{\"@type\":\"ImageObject\",\"inLanguage\":\"es\",\"@id\":\"https:\\\/\\\/colegioalemanmcbo.com\\\/cam\\\/acuerdo-de-convivencia\\\/#primaryimage\",\"url\":\"https:\\\/\\\/colegioalemanmcbo.com\\\/cam\\\/wp-content\\\/uploads\\\/2026\\\/03\\\/camlog.png\",\"contentUrl\":\"https:\\\/\\\/colegioalemanmcbo.com\\\/cam\\\/wp-content\\\/uploads\\\/2026\\\/03\\\/camlog.png\",\"width\":773,\"height\":172},{\"@type\":\"BreadcrumbList\",\"@id\":\"https:\\\/\\\/colegioalemanmcbo.com\\\/cam\\\/acuerdo-de-convivencia\\\/#breadcrumb\",\"itemListElement\":[{\"@type\":\"ListItem\",\"position\":1,\"name\":\"Portada\",\"item\":\"https:\\\/\\\/colegioalemanmcbo.com\\\/cam\\\/\"},{\"@type\":\"ListItem\",\"position\":2,\"name\":\"Acuerdo de convivencia\"}]},{\"@type\":\"WebSite\",\"@id\":\"https:\\\/\\\/colegioalemanmcbo.com\\\/cam\\\/#website\",\"url\":\"https:\\\/\\\/colegioalemanmcbo.com\\\/cam\\\/\",\"name\":\"https:\\\/\\\/colegioalemanmcbo.com\\\/cam\\\/\",\"description\":\"Excelencia Educativa\",\"publisher\":{\"@id\":\"https:\\\/\\\/colegioalemanmcbo.com\\\/cam\\\/#organization\"},\"potentialAction\":[{\"@type\":\"SearchAction\",\"target\":{\"@type\":\"EntryPoint\",\"urlTemplate\":\"https:\\\/\\\/colegioalemanmcbo.com\\\/cam\\\/?s={search_term_string}\"},\"query-input\":{\"@type\":\"PropertyValueSpecification\",\"valueRequired\":true,\"valueName\":\"search_term_string\"}}],\"inLanguage\":\"es\"},{\"@type\":\"Organization\",\"@id\":\"https:\\\/\\\/colegioalemanmcbo.com\\\/cam\\\/#organization\",\"name\":\"Colegio Alem\u00e1n de Maracaibo\",\"url\":\"https:\\\/\\\/colegioalemanmcbo.com\\\/cam\\\/\",\"logo\":{\"@type\":\"ImageObject\",\"inLanguage\":\"es\",\"@id\":\"https:\\\/\\\/colegioalemanmcbo.com\\\/cam\\\/#\\\/schema\\\/logo\\\/image\\\/\",\"url\":\"https:\\\/\\\/colegioalemanmcbo.com\\\/cam\\\/wp-content\\\/uploads\\\/2026\\\/03\\\/logocam-w.png\",\"contentUrl\":\"https:\\\/\\\/colegioalemanmcbo.com\\\/cam\\\/wp-content\\\/uploads\\\/2026\\\/03\\\/logocam-w.png\",\"width\":322,\"height\":434,\"caption\":\"Colegio Alem\u00e1n de Maracaibo\"},\"image\":{\"@id\":\"https:\\\/\\\/colegioalemanmcbo.com\\\/cam\\\/#\\\/schema\\\/logo\\\/image\\\/\"},\"sameAs\":[\"https:\\\/\\\/www.facebook.com\\\/Colegioalemandemaracaibo\",\"https:\\\/\\\/x.com\\\/AlemanMaracaibo\",\"https:\\\/\\\/www.instagram.com\\\/alemanmaracaibo\\\/\"]}]}<\/script>\n<!-- \/ Yoast SEO plugin. -->","yoast_head_json":{"title":"Acuerdo de convivencia - Colegio Alem\u00e1n de Maracaibo","description":"Descarga, llena y firma el acuerdo de convivencia CAM","robots":{"index":"index","follow":"follow","max-snippet":"max-snippet:-1","max-image-preview":"max-image-preview:large","max-video-preview":"max-video-preview:-1"},"canonical":"https:\/\/colegioalemanmcbo.com\/cam\/acuerdo-de-convivencia\/","og_locale":"es_ES","og_type":"article","og_title":"Acuerdo de convivencia - Colegio Alem\u00e1n de Maracaibo","og_description":"Descarga, llena y firma el acuerdo de convivencia CAM","og_url":"https:\/\/colegioalemanmcbo.com\/cam\/acuerdo-de-convivencia\/","og_site_name":"Colegio Alem\u00e1n de Maracaibo","article_publisher":"https:\/\/www.facebook.com\/Colegioalemandemaracaibo","article_modified_time":"2026-03-26T19:28:22+00:00","og_image":[{"width":773,"height":172,"url":"https:\/\/colegioalemanmcbo.com\/cam\/wp-content\/uploads\/2026\/03\/camlog.png","type":"image\/png"}],"twitter_card":"summary_large_image","twitter_site":"@AlemanMaracaibo","twitter_misc":{"Tiempo de lectura":"1 minuto"},"schema":{"@context":"https:\/\/schema.org","@graph":[{"@type":"WebPage","@id":"https:\/\/colegioalemanmcbo.com\/cam\/acuerdo-de-convivencia\/","url":"https:\/\/colegioalemanmcbo.com\/cam\/acuerdo-de-convivencia\/","name":"Acuerdo de convivencia - Colegio Alem\u00e1n de Maracaibo","isPartOf":{"@id":"https:\/\/colegioalemanmcbo.com\/cam\/#website"},"primaryImageOfPage":{"@id":"https:\/\/colegioalemanmcbo.com\/cam\/acuerdo-de-convivencia\/#primaryimage"},"image":{"@id":"https:\/\/colegioalemanmcbo.com\/cam\/acuerdo-de-convivencia\/#primaryimage"},"thumbnailUrl":"https:\/\/colegioalemanmcbo.com\/cam\/wp-content\/uploads\/2026\/03\/camlog.png","datePublished":"2025-07-01T20:53:27+00:00","dateModified":"2026-03-26T19:28:22+00:00","description":"Descarga, llena y firma el acuerdo de convivencia CAM","breadcrumb":{"@id":"https:\/\/colegioalemanmcbo.com\/cam\/acuerdo-de-convivencia\/#breadcrumb"},"inLanguage":"es","potentialAction":[{"@type":"ReadAction","target":["https:\/\/colegioalemanmcbo.com\/cam\/acuerdo-de-convivencia\/"]}]},{"@type":"ImageObject","inLanguage":"es","@id":"https:\/\/colegioalemanmcbo.com\/cam\/acuerdo-de-convivencia\/#primaryimage","url":"https:\/\/colegioalemanmcbo.com\/cam\/wp-content\/uploads\/2026\/03\/camlog.png","contentUrl":"https:\/\/colegioalemanmcbo.com\/cam\/wp-content\/uploads\/2026\/03\/camlog.png","width":773,"height":172},{"@type":"BreadcrumbList","@id":"https:\/\/colegioalemanmcbo.com\/cam\/acuerdo-de-convivencia\/#breadcrumb","itemListElement":[{"@type":"ListItem","position":1,"name":"Portada","item":"https:\/\/colegioalemanmcbo.com\/cam\/"},{"@type":"ListItem","position":2,"name":"Acuerdo de convivencia"}]},{"@type":"WebSite","@id":"https:\/\/colegioalemanmcbo.com\/cam\/#website","url":"https:\/\/colegioalemanmcbo.com\/cam\/","name":"https:\/\/colegioalemanmcbo.com\/cam\/","description":"Excelencia Educativa","publisher":{"@id":"https:\/\/colegioalemanmcbo.com\/cam\/#organization"},"potentialAction":[{"@type":"SearchAction","target":{"@type":"EntryPoint","urlTemplate":"https:\/\/colegioalemanmcbo.com\/cam\/?s={search_term_string}"},"query-input":{"@type":"PropertyValueSpecification","valueRequired":true,"valueName":"search_term_string"}}],"inLanguage":"es"},{"@type":"Organization","@id":"https:\/\/colegioalemanmcbo.com\/cam\/#organization","name":"Colegio Alem\u00e1n de Maracaibo","url":"https:\/\/colegioalemanmcbo.com\/cam\/","logo":{"@type":"ImageObject","inLanguage":"es","@id":"https:\/\/colegioalemanmcbo.com\/cam\/#\/schema\/logo\/image\/","url":"https:\/\/colegioalemanmcbo.com\/cam\/wp-content\/uploads\/2026\/03\/logocam-w.png","contentUrl":"https:\/\/colegioalemanmcbo.com\/cam\/wp-content\/uploads\/2026\/03\/logocam-w.png","width":322,"height":434,"caption":"Colegio Alem\u00e1n de Maracaibo"},"image":{"@id":"https:\/\/colegioalemanmcbo.com\/cam\/#\/schema\/logo\/image\/"},"sameAs":["https:\/\/www.facebook.com\/Colegioalemandemaracaibo","https:\/\/x.com\/AlemanMaracaibo","https:\/\/www.instagram.com\/alemanmaracaibo\/"]}]}},"_links":{"self":[{"href":"https:\/\/colegioalemanmcbo.com\/cam\/wp-json\/wp\/v2\/pages\/3950","targetHints":{"allow":["GET"]}}],"collection":[{"href":"https:\/\/colegioalemanmcbo.com\/cam\/wp-json\/wp\/v2\/pages"}],"about":[{"href":"https:\/\/colegioalemanmcbo.com\/cam\/wp-json\/wp\/v2\/types\/page"}],"author":[{"embeddable":true,"href":"https:\/\/colegioalemanmcbo.com\/cam\/wp-json\/wp\/v2\/users\/1"}],"replies":[{"embeddable":true,"href":"https:\/\/colegioalemanmcbo.com\/cam\/wp-json\/wp\/v2\/comments?post=3950"}],"version-history":[{"count":16,"href":"https:\/\/colegioalemanmcbo.com\/cam\/wp-json\/wp\/v2\/pages\/3950\/revisions"}],"predecessor-version":[{"id":6144,"href":"https:\/\/colegioalemanmcbo.com\/cam\/wp-json\/wp\/v2\/pages\/3950\/revisions\/6144"}],"wp:attachment":[{"href":"https:\/\/colegioalemanmcbo.com\/cam\/wp-json\/wp\/v2\/media?parent=3950"}],"curies":[{"name":"wp","href":"https:\/\/api.w.org\/{rel}","templated":true}]}}