{"id":4996,"date":"2026-02-24T16:10:49","date_gmt":"2026-02-24T20:10:49","guid":{"rendered":"https:\/\/colegioalemanmcbo.com\/cam\/?page_id=4996"},"modified":"2026-03-26T11:50:29","modified_gmt":"2026-03-26T15:50:29","slug":"historia","status":"publish","type":"page","link":"https:\/\/colegioalemanmcbo.com\/cam\/historia\/","title":{"rendered":"Historia"},"content":{"rendered":"\t\t<div data-elementor-type=\"wp-page\" data-elementor-id=\"4996\" class=\"elementor elementor-4996\" data-elementor-post-type=\"page\">\n\t\t\t\t\t\t<section class=\"elementor-section elementor-top-section elementor-element elementor-element-2216b8d5 elementor-section-height-min-height elementor-section-full_width elementor-section-items-bottom elementor-section-height-default\" data-id=\"2216b8d5\" data-element_type=\"section\" data-e-type=\"section\" data-settings=\"{&quot;background_background&quot;:&quot;classic&quot;}\">\n\t\t\t\t\t\t<div class=\"elementor-container elementor-column-gap-default\">\n\t\t\t\t\t<div class=\"elementor-column elementor-col-100 elementor-top-column elementor-element elementor-element-1bc47de7\" data-id=\"1bc47de7\" data-element_type=\"column\" data-e-type=\"column\" data-settings=\"{&quot;background_background&quot;:&quot;classic&quot;}\">\n\t\t\t<div class=\"elementor-widget-wrap elementor-element-populated\">\n\t\t\t\t\t\t<div class=\"elementor-element elementor-element-9a98d2f elementor-widget elementor-widget-heading\" data-id=\"9a98d2f\" data-element_type=\"widget\" data-e-type=\"widget\" data-widget_type=\"heading.default\">\n\t\t\t\t<div class=\"elementor-widget-container\">\n\t\t\t\t\t<h2 class=\"elementor-heading-title elementor-size-large\">Historia<\/h2>\t\t\t\t<\/div>\n\t\t\t\t<\/div>\n\t\t\t\t<div class=\"elementor-element elementor-element-53000d1 elementor-widget elementor-widget-heading\" data-id=\"53000d1\" data-element_type=\"widget\" data-e-type=\"widget\" data-widget_type=\"heading.default\">\n\t\t\t\t<div class=\"elementor-widget-container\">\n\t\t\t\t\t<h5 class=\"elementor-heading-title elementor-size-small\">Fundado en 1967<\/h5>\t\t\t\t<\/div>\n\t\t\t\t<\/div>\n\t\t\t\t\t<\/div>\n\t\t<\/div>\n\t\t\t\t\t<\/div>\n\t\t<\/section>\n\t\t\t\t<section class=\"elementor-section elementor-top-section elementor-element elementor-element-5640505 elementor-section-boxed elementor-section-height-default elementor-section-height-default\" data-id=\"5640505\" data-element_type=\"section\" data-e-type=\"section\">\n\t\t\t\t\t\t<div class=\"elementor-container elementor-column-gap-default\">\n\t\t\t\t\t<div class=\"elementor-column elementor-col-100 elementor-top-column elementor-element elementor-element-2920750\" data-id=\"2920750\" data-element_type=\"column\" data-e-type=\"column\">\n\t\t\t<div class=\"elementor-widget-wrap elementor-element-populated\">\n\t\t\t\t\t\t<div class=\"elementor-element elementor-element-7d0b8dc elementor-widget elementor-widget-image-carousel\" data-id=\"7d0b8dc\" data-element_type=\"widget\" data-e-type=\"widget\" data-settings=\"{&quot;slides_to_show&quot;:&quot;1&quot;,&quot;navigation&quot;:&quot;none&quot;,&quot;autoplay&quot;:&quot;yes&quot;,&quot;pause_on_hover&quot;:&quot;yes&quot;,&quot;pause_on_interaction&quot;:&quot;yes&quot;,&quot;autoplay_speed&quot;:5000,&quot;infinite&quot;:&quot;yes&quot;,&quot;effect&quot;:&quot;slide&quot;,&quot;speed&quot;:500}\" data-widget_type=\"image-carousel.default\">\n\t\t\t\t<div class=\"elementor-widget-container\">\n\t\t\t\t\t\t\t<div class=\"elementor-image-carousel-wrapper swiper\" role=\"region\" aria-roledescription=\"carousel\" aria-label=\"Carrusel de im\u00e1genes\" dir=\"ltr\">\n\t\t\t<div class=\"elementor-image-carousel swiper-wrapper\" aria-live=\"off\">\n\t\t\t\t\t\t\t\t<div class=\"swiper-slide\" role=\"group\" aria-roledescription=\"slide\" aria-label=\"1 de 3\"><figure class=\"swiper-slide-inner\"><img decoding=\"async\" class=\"swiper-slide-image\" src=\"https:\/\/colegioalemanmcbo.com\/cam\/wp-content\/uploads\/2026\/02\/sede-cam1.jpg\" alt=\"sede-cam1\" \/><\/figure><\/div><div class=\"swiper-slide\" role=\"group\" aria-roledescription=\"slide\" aria-label=\"2 de 3\"><figure class=\"swiper-slide-inner\"><img decoding=\"async\" class=\"swiper-slide-image\" src=\"https:\/\/colegioalemanmcbo.com\/cam\/wp-content\/uploads\/2026\/02\/sede-cam2.jpg\" alt=\"sede-cam2\" \/><\/figure><\/div><div class=\"swiper-slide\" role=\"group\" aria-roledescription=\"slide\" aria-label=\"3 de 3\"><figure class=\"swiper-slide-inner\"><img decoding=\"async\" class=\"swiper-slide-image\" src=\"https:\/\/colegioalemanmcbo.com\/cam\/wp-content\/uploads\/2026\/02\/sede-cam3.jpg\" alt=\"sede-cam3\" \/><\/figure><\/div>\t\t\t<\/div>\n\t\t\t\t\t\t\t\n\t\t\t\t\t\t\t\t\t<\/div>\n\t\t\t\t\t\t<\/div>\n\t\t\t\t<\/div>\n\t\t\t\t<div class=\"elementor-element elementor-element-a9c7b94 elementor-widget elementor-widget-text-editor\" data-id=\"a9c7b94\" data-element_type=\"widget\" data-e-type=\"widget\" data-widget_type=\"text-editor.default\">\n\t\t\t\t<div class=\"elementor-widget-container\">\n\t\t\t\t\t\t\t\t\t<p>Como antecedente hist\u00f3rico, la Instituci\u00f3n abre sus puertas en 1926 como\u00a0<strong>\u201cCOLEGIO ALEM\u00c1N\u201d<\/strong>, el primer colegio extranjero de la ciudad, que no s\u00f3lo atend\u00eda a la colonia alemana aqu\u00ed radicada, sino tambi\u00e9n a la sociedad maracaibera, muestra de ello fue que cont\u00f3 entre sus alumnos con el cient\u00edfico\u00a0<strong>Humberto Fern\u00e1ndez Mor<\/strong><strong>\u00e1<\/strong><strong>n.<\/strong><\/p><p>Cierra sus puertas en 1942, para abrirlas nuevamente alrededor de 1952 como\u00a0<strong>\u201cCOLEGIO ALEM\u00c1N DEL ZULIA\u201d,\u00a0<\/strong>un breve paso como\u00a0<strong>\u201cCOLEGIO VENEZOLANO ALEM\u00c1N\u201d<\/strong>\u00a0m\u00e1s o menos por tres a\u00f1os y a partir del 07 de enero de 1967 como\u00a0<strong>\u201cCOLEGIO ALEM\u00c1N DE MARACAIBO\u201d<\/strong>\u00a0y surge por iniciativa de una Junta Directiva integrada por los se\u00f1ores Frank Rippa, Rudiger Pagels, Heinrick Hauffe y Richard Flebbe quienes registraron la Asociaci\u00f3n con el nombre de \u00a0\u00a0<strong>DEUTSCHER SCHULVEREIN MARACAIBO S.C<\/strong>, una sociedad sin fines de lucro que ten\u00eda como funci\u00f3n la instalaci\u00f3n, fomento, mantenimiento y desarrollo de un Instituto Educacional, el Colegio Alem\u00e1n de Maracaibo que, adem\u00e1s de la formaci\u00f3n acad\u00e9mica tuviera tambi\u00e9n el fin de cultivar y ense\u00f1ar el idioma y la cultura alemana.<\/p><p>Por casi 20 a\u00f1os funcion\u00f3 \u00fanicamente con Primaria, no es hasta 1980 cuando inicia con Bachillerato y posteriormente se incorpor\u00f3 el Preescolar.<\/p><p>Su antigua sede estuvo ubicada en la calle 75 T\u00e1chira con avenida 3H desde 1967 hasta 1985; en 1986 se muda a la nueva y presente sede calle 10F entre calle 24 y 25 sector Milagro Norte, un espacio que cuenta con instalaciones modernas y adecuadas para el beneficio de los estudiantes y la realizaci\u00f3n de actividades acad\u00e9micas y deportivas.<\/p><p>En 1997 se crea el Club deportivo, como parte del emprendimiento de la Se\u00f1ora Margarita de Hauffe, la Sub directora Lucila de S\u00e1nchez y la profesora Marianela Flores quienes comenzaron con la disciplina de f\u00fatbol sala y m\u00e1s adelante se incluyeron las disciplinas de voleibol y baloncesto. Actualmente contamos con la disciplina de f\u00fatbol sala, f\u00fatbol campo, atletismo, baloncesto, gimnasia art\u00edstica, gimnasia r\u00edtmica, ajedrez y kickingball; sus coordinadoras a cargo son la Ing. Sabine Hauffe (Coordinadora General) Lcda. Nereyda Escobar (Coordinadora T\u00e9cnica y Marianela Flores (Coordinadora de Disciplina).<\/p><p>En el 2001 se inaugura el Complejo Deportivo Hans Mendt con el gran compromiso y ansiado deseo de complementar la estructura f\u00edsica de la Instituci\u00f3n, \u00e9ste cuenta con un campo de f\u00fatbol y una pista de atletismo, donde anualmente se realizan los juegos atl\u00e9ticos, competencia de atletismo que re\u00fane a todos nuestros alumnos en una fiesta deportiva que congrega a padres y familiares.<\/p><p>La Direcci\u00f3n del colegio est\u00e1 a cargo de la Lcda. Isabel Reyes Saavedra quien hasta la fecha ha graduado 37 promociones, cuyos bachilleres han ingresado en las principales universidades del pa\u00eds y del exterior y la Sub direcci\u00f3n est\u00e1 a cargo de la Mgsc. Flor Torrenegra. Actualmente los Coordinadores son: Lcda. Rita Caldera Coordinadora de etapa inicial, Prof. Marianela Flores Coordinadora de 1ero \u2013 3er grado, Lcda. Adriana M\u00e1rquez Coordinadora de 4to \u2013 6to grado de educaci\u00f3n primaria, Lcda. Neira Montero de Vel\u00e1zquez Coordinadora de Bachillerato, Mgsc. Juan Jaume Coordinador de evaluaci\u00f3n, Lcda. Maritza Herrera Coordinadora de control de estudio, Lcda. Thais Ramos, Lcda. Merys Mart\u00ednez, Lcda. Alicia Morillo Coordinadoras de \u00e1reas de estudio del programa de bachillerato, Mgsc. Lisanne Fern\u00e1ndez Coordinadora del idioma ingl\u00e9s y el Ing. Ingo Henneberg Coordinador del idioma alem\u00e1n.<\/p><p>El Colegio Alem\u00e1n de Maracaibo es una escuela Fit-Schule, es decir es un colegio asesorado por el Goethe Institut, el cual brinda la oportunidad de aprender el idioma alem\u00e1n como lengua extranjera, esto tiene como principal ventaja la posibilidad de obtener un certificado \u201cFit\u201d, siendo este un certificado internacional que avala el hecho de que se domina cierto tipo de nivel en alem\u00e1n, comenzando desde el nivel A1 hasta poder llegar incluso a un nivel B2 o m\u00e1s.<\/p><p>La iniciativa \u201cEscuelas: socios para el futuro\u201d (PASCH) conecta una red global de m\u00e1s de 2000 escuelas PASCH con una conexi\u00f3n especial con Alemania.\u00a0Y la U.E.P Colegio Alem\u00e1n de Maracaibo forma parte de esta ventana hacia el idioma alem\u00e1n y Alemania.<\/p><p>Siendo una escuela PASCH busca siempre ampliar la cooperaci\u00f3n escolar para consolidar a\u00fan m\u00e1s el alem\u00e1n como lengua extranjera en los sistemas educativos nacionales.\u00a0Adem\u00e1s, se cuenta con la posibilidad de poder concursar o postularse en becas para estudiar en Alemania, junto con oportunidades de intercambios estudiantiles y asociaciones escolares.<\/p><p>Al ser alumno de esta instituci\u00f3n se tiene la posibilidad de participar en concursos anunciados en todo el mundo (a nivel nacional o internacional) a trav\u00e9s de la PASCH-net, red a la cual pertenece el colegio.<\/p><p>Hemos impartido una educaci\u00f3n integral basada en principios pedag\u00f3gicos y fundamentos te\u00f3ricos metodol\u00f3gicos con el prop\u00f3sito de preparar seres \u00fatiles y libres con una actitud reflexiva, critica, que les abra una amplia perspectiva para futuros logros.<\/p>\t\t\t\t\t\t\t\t<\/div>\n\t\t\t\t<\/div>\n\t\t\t\t\t<\/div>\n\t\t<\/div>\n\t\t\t\t\t<\/div>\n\t\t<\/section>\n\t\t\t\t<\/div>\n\t\t","protected":false},"excerpt":{"rendered":"<p>Como antecedente hist\u00f3rico, la Instituci\u00f3n abre sus puertas en 1926 como\u00a0\u201cCOLEGIO ALEM\u00c1N\u201d, el primer colegio extranjero de la ciudad, que no s\u00f3lo atend\u00eda a la colonia alemana aqu\u00ed radicada, sino tambi\u00e9n a la sociedad maracaibera, muestra de ello fue que cont\u00f3 entre sus alumnos con el cient\u00edfico\u00a0Humberto Fern\u00e1ndez Mor\u00e1n.<\/p>\n","protected":false},"author":1,"featured_media":4994,"parent":0,"menu_order":0,"comment_status":"closed","ping_status":"closed","template":"","meta":{"_joinchat":[],"footnotes":""},"class_list":["post-4996","page","type-page","status-publish","has-post-thumbnail","hentry"],"yoast_head":"<!-- This site is optimized with the Yoast SEO plugin v27.3 - https:\/\/yoast.com\/product\/yoast-seo-wordpress\/ -->\n<title>Historia - Colegio Alem\u00e1n de Maracaibo<\/title>\n<meta name=\"robots\" content=\"index, follow, max-snippet:-1, max-image-preview:large, max-video-preview:-1\" \/>\n<link rel=\"canonical\" href=\"https:\/\/colegioalemanmcbo.com\/cam\/historia\/\" \/>\n<meta property=\"og:locale\" content=\"es_ES\" \/>\n<meta property=\"og:type\" content=\"article\" \/>\n<meta property=\"og:title\" content=\"Historia - Colegio Alem\u00e1n de Maracaibo\" \/>\n<meta property=\"og:description\" content=\"Como antecedente hist\u00f3rico, la Instituci\u00f3n abre sus puertas en 1926 como\u00a0\u201cCOLEGIO ALEM\u00c1N\u201d, el primer colegio extranjero de la ciudad, que no s\u00f3lo atend\u00eda a la colonia alemana aqu\u00ed radicada, sino tambi\u00e9n a la sociedad maracaibera, muestra de ello fue que cont\u00f3 entre sus alumnos con el cient\u00edfico\u00a0Humberto Fern\u00e1ndez Mor\u00e1n.\" \/>\n<meta property=\"og:url\" content=\"https:\/\/colegioalemanmcbo.com\/cam\/historia\/\" \/>\n<meta property=\"og:site_name\" content=\"Colegio Alem\u00e1n de Maracaibo\" \/>\n<meta property=\"article:publisher\" content=\"https:\/\/www.facebook.com\/Colegioalemandemaracaibo\" \/>\n<meta property=\"article:modified_time\" content=\"2026-03-26T15:50:29+00:00\" \/>\n<meta property=\"og:image\" content=\"https:\/\/colegioalemanmcbo.com\/cam\/wp-content\/uploads\/2026\/02\/historia-colegio-aleman-de-maracaibo.jpg\" \/>\n\t<meta property=\"og:image:width\" content=\"1000\" \/>\n\t<meta property=\"og:image:height\" content=\"1000\" \/>\n\t<meta property=\"og:image:type\" content=\"image\/jpeg\" \/>\n<meta name=\"twitter:card\" content=\"summary_large_image\" \/>\n<meta name=\"twitter:site\" content=\"@AlemanMaracaibo\" \/>\n<meta name=\"twitter:label1\" content=\"Tiempo de lectura\" \/>\n\t<meta name=\"twitter:data1\" content=\"5 minutos\" \/>\n<script type=\"application\/ld+json\" class=\"yoast-schema-graph\">{\"@context\":\"https:\\\/\\\/schema.org\",\"@graph\":[{\"@type\":\"WebPage\",\"@id\":\"https:\\\/\\\/colegioalemanmcbo.com\\\/cam\\\/historia\\\/\",\"url\":\"https:\\\/\\\/colegioalemanmcbo.com\\\/cam\\\/historia\\\/\",\"name\":\"Historia - Colegio Alem\u00e1n de Maracaibo\",\"isPartOf\":{\"@id\":\"https:\\\/\\\/colegioalemanmcbo.com\\\/cam\\\/#website\"},\"primaryImageOfPage\":{\"@id\":\"https:\\\/\\\/colegioalemanmcbo.com\\\/cam\\\/historia\\\/#primaryimage\"},\"image\":{\"@id\":\"https:\\\/\\\/colegioalemanmcbo.com\\\/cam\\\/historia\\\/#primaryimage\"},\"thumbnailUrl\":\"https:\\\/\\\/colegioalemanmcbo.com\\\/cam\\\/wp-content\\\/uploads\\\/2026\\\/02\\\/historia-colegio-aleman-de-maracaibo.jpg\",\"datePublished\":\"2026-02-24T20:10:49+00:00\",\"dateModified\":\"2026-03-26T15:50:29+00:00\",\"breadcrumb\":{\"@id\":\"https:\\\/\\\/colegioalemanmcbo.com\\\/cam\\\/historia\\\/#breadcrumb\"},\"inLanguage\":\"es\",\"potentialAction\":[{\"@type\":\"ReadAction\",\"target\":[\"https:\\\/\\\/colegioalemanmcbo.com\\\/cam\\\/historia\\\/\"]}]},{\"@type\":\"ImageObject\",\"inLanguage\":\"es\",\"@id\":\"https:\\\/\\\/colegioalemanmcbo.com\\\/cam\\\/historia\\\/#primaryimage\",\"url\":\"https:\\\/\\\/colegioalemanmcbo.com\\\/cam\\\/wp-content\\\/uploads\\\/2026\\\/02\\\/historia-colegio-aleman-de-maracaibo.jpg\",\"contentUrl\":\"https:\\\/\\\/colegioalemanmcbo.com\\\/cam\\\/wp-content\\\/uploads\\\/2026\\\/02\\\/historia-colegio-aleman-de-maracaibo.jpg\",\"width\":1000,\"height\":1000},{\"@type\":\"BreadcrumbList\",\"@id\":\"https:\\\/\\\/colegioalemanmcbo.com\\\/cam\\\/historia\\\/#breadcrumb\",\"itemListElement\":[{\"@type\":\"ListItem\",\"position\":1,\"name\":\"Portada\",\"item\":\"https:\\\/\\\/colegioalemanmcbo.com\\\/cam\\\/\"},{\"@type\":\"ListItem\",\"position\":2,\"name\":\"Historia\"}]},{\"@type\":\"WebSite\",\"@id\":\"https:\\\/\\\/colegioalemanmcbo.com\\\/cam\\\/#website\",\"url\":\"https:\\\/\\\/colegioalemanmcbo.com\\\/cam\\\/\",\"name\":\"https:\\\/\\\/colegioalemanmcbo.com\\\/cam\\\/\",\"description\":\"Excelencia Educativa\",\"publisher\":{\"@id\":\"https:\\\/\\\/colegioalemanmcbo.com\\\/cam\\\/#organization\"},\"potentialAction\":[{\"@type\":\"SearchAction\",\"target\":{\"@type\":\"EntryPoint\",\"urlTemplate\":\"https:\\\/\\\/colegioalemanmcbo.com\\\/cam\\\/?s={search_term_string}\"},\"query-input\":{\"@type\":\"PropertyValueSpecification\",\"valueRequired\":true,\"valueName\":\"search_term_string\"}}],\"inLanguage\":\"es\"},{\"@type\":\"Organization\",\"@id\":\"https:\\\/\\\/colegioalemanmcbo.com\\\/cam\\\/#organization\",\"name\":\"Colegio Alem\u00e1n de Maracaibo\",\"url\":\"https:\\\/\\\/colegioalemanmcbo.com\\\/cam\\\/\",\"logo\":{\"@type\":\"ImageObject\",\"inLanguage\":\"es\",\"@id\":\"https:\\\/\\\/colegioalemanmcbo.com\\\/cam\\\/#\\\/schema\\\/logo\\\/image\\\/\",\"url\":\"https:\\\/\\\/colegioalemanmcbo.com\\\/cam\\\/wp-content\\\/uploads\\\/2026\\\/03\\\/logocam-w.png\",\"contentUrl\":\"https:\\\/\\\/colegioalemanmcbo.com\\\/cam\\\/wp-content\\\/uploads\\\/2026\\\/03\\\/logocam-w.png\",\"width\":322,\"height\":434,\"caption\":\"Colegio Alem\u00e1n de Maracaibo\"},\"image\":{\"@id\":\"https:\\\/\\\/colegioalemanmcbo.com\\\/cam\\\/#\\\/schema\\\/logo\\\/image\\\/\"},\"sameAs\":[\"https:\\\/\\\/www.facebook.com\\\/Colegioalemandemaracaibo\",\"https:\\\/\\\/x.com\\\/AlemanMaracaibo\",\"https:\\\/\\\/www.instagram.com\\\/alemanmaracaibo\\\/\"]}]}<\/script>\n<!-- \/ Yoast SEO plugin. -->","yoast_head_json":{"title":"Historia - Colegio Alem\u00e1n de Maracaibo","robots":{"index":"index","follow":"follow","max-snippet":"max-snippet:-1","max-image-preview":"max-image-preview:large","max-video-preview":"max-video-preview:-1"},"canonical":"https:\/\/colegioalemanmcbo.com\/cam\/historia\/","og_locale":"es_ES","og_type":"article","og_title":"Historia - Colegio Alem\u00e1n de Maracaibo","og_description":"Como antecedente hist\u00f3rico, la Instituci\u00f3n abre sus puertas en 1926 como\u00a0\u201cCOLEGIO ALEM\u00c1N\u201d, el primer colegio extranjero de la ciudad, que no s\u00f3lo atend\u00eda a la colonia alemana aqu\u00ed radicada, sino tambi\u00e9n a la sociedad maracaibera, muestra de ello fue que cont\u00f3 entre sus alumnos con el cient\u00edfico\u00a0Humberto Fern\u00e1ndez Mor\u00e1n.","og_url":"https:\/\/colegioalemanmcbo.com\/cam\/historia\/","og_site_name":"Colegio Alem\u00e1n de Maracaibo","article_publisher":"https:\/\/www.facebook.com\/Colegioalemandemaracaibo","article_modified_time":"2026-03-26T15:50:29+00:00","og_image":[{"width":1000,"height":1000,"url":"https:\/\/colegioalemanmcbo.com\/cam\/wp-content\/uploads\/2026\/02\/historia-colegio-aleman-de-maracaibo.jpg","type":"image\/jpeg"}],"twitter_card":"summary_large_image","twitter_site":"@AlemanMaracaibo","twitter_misc":{"Tiempo de lectura":"5 minutos"},"schema":{"@context":"https:\/\/schema.org","@graph":[{"@type":"WebPage","@id":"https:\/\/colegioalemanmcbo.com\/cam\/historia\/","url":"https:\/\/colegioalemanmcbo.com\/cam\/historia\/","name":"Historia - Colegio Alem\u00e1n de Maracaibo","isPartOf":{"@id":"https:\/\/colegioalemanmcbo.com\/cam\/#website"},"primaryImageOfPage":{"@id":"https:\/\/colegioalemanmcbo.com\/cam\/historia\/#primaryimage"},"image":{"@id":"https:\/\/colegioalemanmcbo.com\/cam\/historia\/#primaryimage"},"thumbnailUrl":"https:\/\/colegioalemanmcbo.com\/cam\/wp-content\/uploads\/2026\/02\/historia-colegio-aleman-de-maracaibo.jpg","datePublished":"2026-02-24T20:10:49+00:00","dateModified":"2026-03-26T15:50:29+00:00","breadcrumb":{"@id":"https:\/\/colegioalemanmcbo.com\/cam\/historia\/#breadcrumb"},"inLanguage":"es","potentialAction":[{"@type":"ReadAction","target":["https:\/\/colegioalemanmcbo.com\/cam\/historia\/"]}]},{"@type":"ImageObject","inLanguage":"es","@id":"https:\/\/colegioalemanmcbo.com\/cam\/historia\/#primaryimage","url":"https:\/\/colegioalemanmcbo.com\/cam\/wp-content\/uploads\/2026\/02\/historia-colegio-aleman-de-maracaibo.jpg","contentUrl":"https:\/\/colegioalemanmcbo.com\/cam\/wp-content\/uploads\/2026\/02\/historia-colegio-aleman-de-maracaibo.jpg","width":1000,"height":1000},{"@type":"BreadcrumbList","@id":"https:\/\/colegioalemanmcbo.com\/cam\/historia\/#breadcrumb","itemListElement":[{"@type":"ListItem","position":1,"name":"Portada","item":"https:\/\/colegioalemanmcbo.com\/cam\/"},{"@type":"ListItem","position":2,"name":"Historia"}]},{"@type":"WebSite","@id":"https:\/\/colegioalemanmcbo.com\/cam\/#website","url":"https:\/\/colegioalemanmcbo.com\/cam\/","name":"https:\/\/colegioalemanmcbo.com\/cam\/","description":"Excelencia Educativa","publisher":{"@id":"https:\/\/colegioalemanmcbo.com\/cam\/#organization"},"potentialAction":[{"@type":"SearchAction","target":{"@type":"EntryPoint","urlTemplate":"https:\/\/colegioalemanmcbo.com\/cam\/?s={search_term_string}"},"query-input":{"@type":"PropertyValueSpecification","valueRequired":true,"valueName":"search_term_string"}}],"inLanguage":"es"},{"@type":"Organization","@id":"https:\/\/colegioalemanmcbo.com\/cam\/#organization","name":"Colegio Alem\u00e1n de Maracaibo","url":"https:\/\/colegioalemanmcbo.com\/cam\/","logo":{"@type":"ImageObject","inLanguage":"es","@id":"https:\/\/colegioalemanmcbo.com\/cam\/#\/schema\/logo\/image\/","url":"https:\/\/colegioalemanmcbo.com\/cam\/wp-content\/uploads\/2026\/03\/logocam-w.png","contentUrl":"https:\/\/colegioalemanmcbo.com\/cam\/wp-content\/uploads\/2026\/03\/logocam-w.png","width":322,"height":434,"caption":"Colegio Alem\u00e1n de Maracaibo"},"image":{"@id":"https:\/\/colegioalemanmcbo.com\/cam\/#\/schema\/logo\/image\/"},"sameAs":["https:\/\/www.facebook.com\/Colegioalemandemaracaibo","https:\/\/x.com\/AlemanMaracaibo","https:\/\/www.instagram.com\/alemanmaracaibo\/"]}]}},"_links":{"self":[{"href":"https:\/\/colegioalemanmcbo.com\/cam\/wp-json\/wp\/v2\/pages\/4996","targetHints":{"allow":["GET"]}}],"collection":[{"href":"https:\/\/colegioalemanmcbo.com\/cam\/wp-json\/wp\/v2\/pages"}],"about":[{"href":"https:\/\/colegioalemanmcbo.com\/cam\/wp-json\/wp\/v2\/types\/page"}],"author":[{"embeddable":true,"href":"https:\/\/colegioalemanmcbo.com\/cam\/wp-json\/wp\/v2\/users\/1"}],"replies":[{"embeddable":true,"href":"https:\/\/colegioalemanmcbo.com\/cam\/wp-json\/wp\/v2\/comments?post=4996"}],"version-history":[{"count":9,"href":"https:\/\/colegioalemanmcbo.com\/cam\/wp-json\/wp\/v2\/pages\/4996\/revisions"}],"predecessor-version":[{"id":6026,"href":"https:\/\/colegioalemanmcbo.com\/cam\/wp-json\/wp\/v2\/pages\/4996\/revisions\/6026"}],"wp:featuredmedia":[{"embeddable":true,"href":"https:\/\/colegioalemanmcbo.com\/cam\/wp-json\/wp\/v2\/media\/4994"}],"wp:attachment":[{"href":"https:\/\/colegioalemanmcbo.com\/cam\/wp-json\/wp\/v2\/media?parent=4996"}],"curies":[{"name":"wp","href":"https:\/\/api.w.org\/{rel}","templated":true}]}}