{"id":5029,"date":"2026-02-24T16:48:07","date_gmt":"2026-02-24T20:48:07","guid":{"rendered":"https:\/\/colegioalemanmcbo.com\/cam\/?page_id=5029"},"modified":"2026-03-26T11:25:23","modified_gmt":"2026-03-26T15:25:23","slug":"contacto","status":"publish","type":"page","link":"https:\/\/colegioalemanmcbo.com\/cam\/contacto\/","title":{"rendered":"Contacto"},"content":{"rendered":"\t\t<div data-elementor-type=\"wp-page\" data-elementor-id=\"5029\" class=\"elementor elementor-5029\" data-elementor-post-type=\"page\">\n\t\t\t\t\t\t<section class=\"elementor-section elementor-top-section elementor-element elementor-element-2216b8d5 elementor-section-height-min-height elementor-section-full_width elementor-section-items-bottom elementor-section-height-default\" data-id=\"2216b8d5\" data-element_type=\"section\" data-e-type=\"section\" data-settings=\"{&quot;background_background&quot;:&quot;classic&quot;}\">\n\t\t\t\t\t\t<div class=\"elementor-container elementor-column-gap-default\">\n\t\t\t\t\t<div class=\"elementor-column elementor-col-100 elementor-top-column elementor-element elementor-element-1bc47de7\" data-id=\"1bc47de7\" data-element_type=\"column\" data-e-type=\"column\" data-settings=\"{&quot;background_background&quot;:&quot;classic&quot;}\">\n\t\t\t<div class=\"elementor-widget-wrap elementor-element-populated\">\n\t\t\t\t\t\t<div class=\"elementor-element elementor-element-9a98d2f elementor-widget elementor-widget-heading\" data-id=\"9a98d2f\" data-element_type=\"widget\" data-e-type=\"widget\" data-widget_type=\"heading.default\">\n\t\t\t\t<div class=\"elementor-widget-container\">\n\t\t\t\t\t<h2 class=\"elementor-heading-title elementor-size-large\">Contacto<\/h2>\t\t\t\t<\/div>\n\t\t\t\t<\/div>\n\t\t\t\t\t<\/div>\n\t\t<\/div>\n\t\t\t\t\t<\/div>\n\t\t<\/section>\n\t\t\t\t<section class=\"elementor-section elementor-top-section elementor-element elementor-element-9c063c2 elementor-section-boxed elementor-section-height-default elementor-section-height-default\" data-id=\"9c063c2\" data-element_type=\"section\" data-e-type=\"section\">\n\t\t\t\t\t\t<div class=\"elementor-container elementor-column-gap-default\">\n\t\t\t\t\t<div class=\"elementor-column elementor-col-100 elementor-top-column elementor-element elementor-element-3d28661\" data-id=\"3d28661\" data-element_type=\"column\" data-e-type=\"column\">\n\t\t\t<div class=\"elementor-widget-wrap elementor-element-populated\">\n\t\t\t\t\t\t<div class=\"elementor-element elementor-element-f868f6f elementor-widget elementor-widget-heading\" data-id=\"f868f6f\" data-element_type=\"widget\" data-e-type=\"widget\" data-widget_type=\"heading.default\">\n\t\t\t\t<div class=\"elementor-widget-container\">\n\t\t\t\t\t<h2 class=\"elementor-heading-title elementor-size-default\">Completa este formulario\ncon gusto nos pondremos en contacto<\/h2>\t\t\t\t<\/div>\n\t\t\t\t<\/div>\n\t\t\t\t<div class=\"elementor-element elementor-element-ae3b664 elementor-button-align-stretch elementor-widget elementor-widget-form\" data-id=\"ae3b664\" data-element_type=\"widget\" data-e-type=\"widget\" data-settings=\"{&quot;step_next_label&quot;:&quot;Siguiente&quot;,&quot;step_previous_label&quot;:&quot;Anterior&quot;,&quot;button_width&quot;:&quot;100&quot;,&quot;step_type&quot;:&quot;number_text&quot;,&quot;step_icon_shape&quot;:&quot;circle&quot;}\" data-widget_type=\"form.default\">\n\t\t\t\t<div class=\"elementor-widget-container\">\n\t\t\t\t\t\t\t<form class=\"elementor-form\" method=\"post\" name=\"Nuevo formulario\" aria-label=\"Nuevo formulario\">\n\t\t\t<input type=\"hidden\" name=\"post_id\" value=\"5029\"\/>\n\t\t\t<input type=\"hidden\" name=\"form_id\" value=\"ae3b664\"\/>\n\t\t\t<input type=\"hidden\" name=\"referer_title\" value=\"Contacto - Colegio Alem\u00e1n de Maracaibo\" \/>\n\n\t\t\t\t\t\t\t<input type=\"hidden\" name=\"queried_id\" value=\"5029\"\/>\n\t\t\t\n\t\t\t<div class=\"elementor-form-fields-wrapper elementor-labels-\">\n\t\t\t\t\t\t\t\t<div class=\"elementor-field-type-text elementor-field-group elementor-column elementor-field-group-name elementor-col-100\">\n\t\t\t\t\t\t\t\t\t\t\t\t<label for=\"form-field-name\" class=\"elementor-field-label elementor-screen-only\">\n\t\t\t\t\t\t\t\tNombre\t\t\t\t\t\t\t<\/label>\n\t\t\t\t\t\t\t\t\t\t\t\t\t\t<input size=\"1\" type=\"text\" name=\"form_fields[name]\" id=\"form-field-name\" class=\"elementor-field elementor-size-sm  elementor-field-textual\" placeholder=\"Nombre\">\n\t\t\t\t\t\t\t\t\t\t\t<\/div>\n\t\t\t\t\t\t\t\t<div class=\"elementor-field-type-tel elementor-field-group elementor-column elementor-field-group-field_b485fb9 elementor-col-100 elementor-field-required\">\n\t\t\t\t\t\t\t\t\t\t\t\t<label for=\"form-field-field_b485fb9\" class=\"elementor-field-label elementor-screen-only\">\n\t\t\t\t\t\t\t\ttelefono\t\t\t\t\t\t\t<\/label>\n\t\t\t\t\t\t\t\t<input size=\"1\" type=\"tel\" name=\"form_fields[field_b485fb9]\" id=\"form-field-field_b485fb9\" class=\"elementor-field elementor-size-sm  elementor-field-textual\" placeholder=\"Tel\u00e9fono\" required=\"required\" pattern=\"[0-9()#&amp;+*-=.]+\" title=\"Solo se aceptan n\u00fameros y caracteres de tel\u00e9fono (#,-,*,etc).\">\n\n\t\t\t\t\t\t<\/div>\n\t\t\t\t\t\t\t\t<div class=\"elementor-field-type-email elementor-field-group elementor-column elementor-field-group-email elementor-col-100 elementor-field-required\">\n\t\t\t\t\t\t\t\t\t\t\t\t<label for=\"form-field-email\" class=\"elementor-field-label elementor-screen-only\">\n\t\t\t\t\t\t\t\tCorreo electr\u00f3nico\t\t\t\t\t\t\t<\/label>\n\t\t\t\t\t\t\t\t\t\t\t\t\t\t<input size=\"1\" type=\"email\" name=\"form_fields[email]\" id=\"form-field-email\" class=\"elementor-field elementor-size-sm  elementor-field-textual\" placeholder=\"Correo electr\u00f3nico\" required=\"required\">\n\t\t\t\t\t\t\t\t\t\t\t<\/div>\n\t\t\t\t\t\t\t\t<div class=\"elementor-field-type-textarea elementor-field-group elementor-column elementor-field-group-message elementor-col-100\">\n\t\t\t\t\t\t\t\t\t\t\t\t<label for=\"form-field-message\" class=\"elementor-field-label elementor-screen-only\">\n\t\t\t\t\t\t\t\tMensaje\t\t\t\t\t\t\t<\/label>\n\t\t\t\t\t\t<textarea class=\"elementor-field-textual elementor-field  elementor-size-sm\" name=\"form_fields[message]\" id=\"form-field-message\" rows=\"4\" placeholder=\"Mensaje\"><\/textarea>\t\t\t\t<\/div>\n\t\t\t\t\t\t\t\t<div class=\"elementor-field-type-recaptcha_v3 elementor-field-group elementor-column elementor-field-group-field_e27d9a1 elementor-col-100 recaptcha_v3-inline\">\n\t\t\t\t\t<div class=\"elementor-field\" id=\"form-field-field_e27d9a1\"><div class=\"elementor-g-recaptcha\" data-sitekey=\"6Lc1hy8pAAAAADDCrTGG5AC8uDNRRdnBqNwsHq3S\" data-type=\"v3\" data-action=\"Form\" data-badge=\"inline\" data-size=\"invisible\"><\/div><\/div>\t\t\t\t<\/div>\n\t\t\t\t\t\t\t\t<div class=\"elementor-field-group elementor-column elementor-field-type-submit elementor-col-100 e-form__buttons\">\n\t\t\t\t\t<button class=\"elementor-button elementor-size-sm\" type=\"submit\">\n\t\t\t\t\t\t<span class=\"elementor-button-content-wrapper\">\n\t\t\t\t\t\t\t\t\t\t\t\t\t\t\t\t\t\t\t\t\t\t<span class=\"elementor-button-text\">Enviar<\/span>\n\t\t\t\t\t\t\t\t\t\t\t\t\t<\/span>\n\t\t\t\t\t<\/button>\n\t\t\t\t<\/div>\n\t\t\t<\/div>\n\t\t<\/form>\n\t\t\t\t\t\t<\/div>\n\t\t\t\t<\/div>\n\t\t\t\t<div class=\"elementor-element elementor-element-6bf0d13 elementor-widget-divider--view-line elementor-widget elementor-widget-divider\" data-id=\"6bf0d13\" data-element_type=\"widget\" data-e-type=\"widget\" data-widget_type=\"divider.default\">\n\t\t\t\t<div class=\"elementor-widget-container\">\n\t\t\t\t\t\t\t<div class=\"elementor-divider\">\n\t\t\t<span class=\"elementor-divider-separator\">\n\t\t\t\t\t\t<\/span>\n\t\t<\/div>\n\t\t\t\t\t\t<\/div>\n\t\t\t\t<\/div>\n\t\t\t\t\t<\/div>\n\t\t<\/div>\n\t\t\t\t\t<\/div>\n\t\t<\/section>\n\t\t\t\t<section class=\"elementor-section elementor-top-section elementor-element elementor-element-5640505 elementor-section-boxed elementor-section-height-default elementor-section-height-default\" data-id=\"5640505\" data-element_type=\"section\" data-e-type=\"section\">\n\t\t\t\t\t\t<div class=\"elementor-container elementor-column-gap-default\">\n\t\t\t\t\t<div class=\"elementor-column elementor-col-50 elementor-top-column elementor-element elementor-element-2920750\" data-id=\"2920750\" data-element_type=\"column\" data-e-type=\"column\">\n\t\t\t<div class=\"elementor-widget-wrap elementor-element-populated\">\n\t\t\t\t\t\t<div class=\"elementor-element elementor-element-2433d0a elementor-widget elementor-widget-heading\" data-id=\"2433d0a\" data-element_type=\"widget\" data-e-type=\"widget\" data-widget_type=\"heading.default\">\n\t\t\t\t<div class=\"elementor-widget-container\">\n\t\t\t\t\t<h2 class=\"elementor-heading-title elementor-size-default\">Direcci\u00f3n<\/h2>\t\t\t\t<\/div>\n\t\t\t\t<\/div>\n\t\t\t\t<div class=\"elementor-element elementor-element-a9c7b94 elementor-widget elementor-widget-text-editor\" data-id=\"a9c7b94\" data-element_type=\"widget\" data-e-type=\"widget\" data-widget_type=\"text-editor.default\">\n\t\t\t\t<div class=\"elementor-widget-container\">\n\t\t\t\t\t\t\t\t\t<p><strong>Calle 10 F entre calles 24 y 25, Local 24-62 Sector Milagro Norte, Maracaibo, Edo. Zulia.<\/strong><\/p>\t\t\t\t\t\t\t\t<\/div>\n\t\t\t\t<\/div>\n\t\t\t\t<div class=\"elementor-element elementor-element-ab69463 elementor-widget-divider--view-line elementor-widget elementor-widget-divider\" data-id=\"ab69463\" data-element_type=\"widget\" data-e-type=\"widget\" data-widget_type=\"divider.default\">\n\t\t\t\t<div class=\"elementor-widget-container\">\n\t\t\t\t\t\t\t<div class=\"elementor-divider\">\n\t\t\t<span class=\"elementor-divider-separator\">\n\t\t\t\t\t\t<\/span>\n\t\t<\/div>\n\t\t\t\t\t\t<\/div>\n\t\t\t\t<\/div>\n\t\t\t\t\t<\/div>\n\t\t<\/div>\n\t\t\t\t<div class=\"elementor-column elementor-col-50 elementor-top-column elementor-element elementor-element-a343748\" data-id=\"a343748\" data-element_type=\"column\" data-e-type=\"column\">\n\t\t\t<div class=\"elementor-widget-wrap elementor-element-populated\">\n\t\t\t\t\t\t<div class=\"elementor-element elementor-element-3454d00 elementor-widget elementor-widget-heading\" data-id=\"3454d00\" data-element_type=\"widget\" data-e-type=\"widget\" data-widget_type=\"heading.default\">\n\t\t\t\t<div class=\"elementor-widget-container\">\n\t\t\t\t\t<h2 class=\"elementor-heading-title elementor-size-default\">Tel\u00e9fonos<\/h2>\t\t\t\t<\/div>\n\t\t\t\t<\/div>\n\t\t\t\t<div class=\"elementor-element elementor-element-94b6781 elementor-widget elementor-widget-text-editor\" data-id=\"94b6781\" data-element_type=\"widget\" data-e-type=\"widget\" data-widget_type=\"text-editor.default\">\n\t\t\t\t<div class=\"elementor-widget-container\">\n\t\t\t\t\t\t\t\t\t<p><strong>+58 0414-6679139<\/strong><\/p><p><strong>+58<\/strong>\u00a0<strong>0424-6611526<\/strong><\/p>\t\t\t\t\t\t\t\t<\/div>\n\t\t\t\t<\/div>\n\t\t\t\t<div class=\"elementor-element elementor-element-4b78aa6 elementor-widget-divider--view-line elementor-widget elementor-widget-divider\" data-id=\"4b78aa6\" data-element_type=\"widget\" data-e-type=\"widget\" data-widget_type=\"divider.default\">\n\t\t\t\t<div class=\"elementor-widget-container\">\n\t\t\t\t\t\t\t<div class=\"elementor-divider\">\n\t\t\t<span class=\"elementor-divider-separator\">\n\t\t\t\t\t\t<\/span>\n\t\t<\/div>\n\t\t\t\t\t\t<\/div>\n\t\t\t\t<\/div>\n\t\t\t\t\t<\/div>\n\t\t<\/div>\n\t\t\t\t\t<\/div>\n\t\t<\/section>\n\t\t\t\t<section class=\"elementor-section elementor-top-section elementor-element elementor-element-2b65041 elementor-section-boxed elementor-section-height-default elementor-section-height-default\" data-id=\"2b65041\" data-element_type=\"section\" data-e-type=\"section\">\n\t\t\t\t\t\t<div class=\"elementor-container elementor-column-gap-default\">\n\t\t\t\t\t<div class=\"elementor-column elementor-col-100 elementor-top-column elementor-element elementor-element-025651a\" data-id=\"025651a\" data-element_type=\"column\" data-e-type=\"column\">\n\t\t\t<div class=\"elementor-widget-wrap elementor-element-populated\">\n\t\t\t\t\t\t<div class=\"elementor-element elementor-element-c117e23 elementor-widget elementor-widget-heading\" data-id=\"c117e23\" data-element_type=\"widget\" data-e-type=\"widget\" data-widget_type=\"heading.default\">\n\t\t\t\t<div class=\"elementor-widget-container\">\n\t\t\t\t\t<h2 class=\"elementor-heading-title elementor-size-default\">Google Maps<\/h2>\t\t\t\t<\/div>\n\t\t\t\t<\/div>\n\t\t\t\t<div class=\"elementor-element elementor-element-56aab28 elementor-widget elementor-widget-google_maps\" data-id=\"56aab28\" data-element_type=\"widget\" data-e-type=\"widget\" data-widget_type=\"google_maps.default\">\n\t\t\t\t<div class=\"elementor-widget-container\">\n\t\t\t\t\t\t\t<div class=\"elementor-custom-embed\">\n\t\t\t<iframe loading=\"lazy\"\n\t\t\t\t\tsrc=\"https:\/\/maps.google.com\/maps?q=colegio%20aleman&#038;t=m&#038;z=10&#038;output=embed&#038;iwloc=near\"\n\t\t\t\t\ttitle=\"colegio aleman\"\n\t\t\t\t\taria-label=\"colegio aleman\"\n\t\t\t><\/iframe>\n\t\t<\/div>\n\t\t\t\t\t\t<\/div>\n\t\t\t\t<\/div>\n\t\t\t\t<div class=\"elementor-element elementor-element-3d7d0e2 elementor-widget-divider--view-line elementor-widget elementor-widget-divider\" data-id=\"3d7d0e2\" data-element_type=\"widget\" data-e-type=\"widget\" data-widget_type=\"divider.default\">\n\t\t\t\t<div class=\"elementor-widget-container\">\n\t\t\t\t\t\t\t<div class=\"elementor-divider\">\n\t\t\t<span class=\"elementor-divider-separator\">\n\t\t\t\t\t\t<\/span>\n\t\t<\/div>\n\t\t\t\t\t\t<\/div>\n\t\t\t\t<\/div>\n\t\t\t\t\t<\/div>\n\t\t<\/div>\n\t\t\t\t\t<\/div>\n\t\t<\/section>\n\t\t\t\t<\/div>\n\t\t","protected":false},"excerpt":{"rendered":"<p>Contacto Completa este formulario con gusto nos pondremos en contacto Direcci\u00f3n Calle 10 F entre calles 24 y 25, Local 24-62 Sector Milagro Norte, Maracaibo, Edo. Zulia. Tel\u00e9fonos +58 0414-6679139 +58\u00a00424-6611526 Google Maps<\/p>\n","protected":false},"author":1,"featured_media":1264,"parent":0,"menu_order":0,"comment_status":"closed","ping_status":"closed","template":"","meta":{"_joinchat":[],"footnotes":""},"class_list":["post-5029","page","type-page","status-publish","has-post-thumbnail","hentry"],"yoast_head":"<!-- This site is optimized with the Yoast SEO plugin v27.3 - https:\/\/yoast.com\/product\/yoast-seo-wordpress\/ -->\n<title>Contacto - Colegio Alem\u00e1n de Maracaibo<\/title>\n<meta name=\"robots\" content=\"index, follow, max-snippet:-1, max-image-preview:large, max-video-preview:-1\" \/>\n<link rel=\"canonical\" href=\"https:\/\/colegioalemanmcbo.com\/cam\/contacto\/\" \/>\n<meta property=\"og:locale\" content=\"es_ES\" \/>\n<meta property=\"og:type\" content=\"article\" \/>\n<meta property=\"og:title\" content=\"Contacto - Colegio Alem\u00e1n de Maracaibo\" \/>\n<meta property=\"og:description\" content=\"Contacto Completa este formulario con gusto nos pondremos en contacto Direcci\u00f3n Calle 10 F entre calles 24 y 25, Local 24-62 Sector Milagro Norte, Maracaibo, Edo. Zulia. Tel\u00e9fonos +58 0414-6679139 +58\u00a00424-6611526 Google Maps\" \/>\n<meta property=\"og:url\" content=\"https:\/\/colegioalemanmcbo.com\/cam\/contacto\/\" \/>\n<meta property=\"og:site_name\" content=\"Colegio Alem\u00e1n de Maracaibo\" \/>\n<meta property=\"article:publisher\" content=\"https:\/\/www.facebook.com\/Colegioalemandemaracaibo\" \/>\n<meta property=\"article:modified_time\" content=\"2026-03-26T15:25:23+00:00\" \/>\n<meta property=\"og:image\" content=\"https:\/\/colegioalemanmcbo.com\/cam\/wp-content\/uploads\/2024\/02\/FACHADACAM.jpg\" \/>\n\t<meta property=\"og:image:width\" content=\"2000\" \/>\n\t<meta property=\"og:image:height\" content=\"1125\" \/>\n\t<meta property=\"og:image:type\" content=\"image\/jpeg\" \/>\n<meta name=\"twitter:card\" content=\"summary_large_image\" \/>\n<meta name=\"twitter:site\" content=\"@AlemanMaracaibo\" \/>\n<meta name=\"twitter:label1\" content=\"Tiempo de lectura\" \/>\n\t<meta name=\"twitter:data1\" content=\"1 minuto\" \/>\n<script type=\"application\/ld+json\" class=\"yoast-schema-graph\">{\"@context\":\"https:\\\/\\\/schema.org\",\"@graph\":[{\"@type\":\"WebPage\",\"@id\":\"https:\\\/\\\/colegioalemanmcbo.com\\\/cam\\\/contacto\\\/\",\"url\":\"https:\\\/\\\/colegioalemanmcbo.com\\\/cam\\\/contacto\\\/\",\"name\":\"Contacto - Colegio Alem\u00e1n de Maracaibo\",\"isPartOf\":{\"@id\":\"https:\\\/\\\/colegioalemanmcbo.com\\\/cam\\\/#website\"},\"primaryImageOfPage\":{\"@id\":\"https:\\\/\\\/colegioalemanmcbo.com\\\/cam\\\/contacto\\\/#primaryimage\"},\"image\":{\"@id\":\"https:\\\/\\\/colegioalemanmcbo.com\\\/cam\\\/contacto\\\/#primaryimage\"},\"thumbnailUrl\":\"https:\\\/\\\/colegioalemanmcbo.com\\\/cam\\\/wp-content\\\/uploads\\\/2024\\\/02\\\/FACHADACAM.jpg\",\"datePublished\":\"2026-02-24T20:48:07+00:00\",\"dateModified\":\"2026-03-26T15:25:23+00:00\",\"breadcrumb\":{\"@id\":\"https:\\\/\\\/colegioalemanmcbo.com\\\/cam\\\/contacto\\\/#breadcrumb\"},\"inLanguage\":\"es\",\"potentialAction\":[{\"@type\":\"ReadAction\",\"target\":[\"https:\\\/\\\/colegioalemanmcbo.com\\\/cam\\\/contacto\\\/\"]}]},{\"@type\":\"ImageObject\",\"inLanguage\":\"es\",\"@id\":\"https:\\\/\\\/colegioalemanmcbo.com\\\/cam\\\/contacto\\\/#primaryimage\",\"url\":\"https:\\\/\\\/colegioalemanmcbo.com\\\/cam\\\/wp-content\\\/uploads\\\/2024\\\/02\\\/FACHADACAM.jpg\",\"contentUrl\":\"https:\\\/\\\/colegioalemanmcbo.com\\\/cam\\\/wp-content\\\/uploads\\\/2024\\\/02\\\/FACHADACAM.jpg\",\"width\":2000,\"height\":1125},{\"@type\":\"BreadcrumbList\",\"@id\":\"https:\\\/\\\/colegioalemanmcbo.com\\\/cam\\\/contacto\\\/#breadcrumb\",\"itemListElement\":[{\"@type\":\"ListItem\",\"position\":1,\"name\":\"Portada\",\"item\":\"https:\\\/\\\/colegioalemanmcbo.com\\\/cam\\\/\"},{\"@type\":\"ListItem\",\"position\":2,\"name\":\"Contacto\"}]},{\"@type\":\"WebSite\",\"@id\":\"https:\\\/\\\/colegioalemanmcbo.com\\\/cam\\\/#website\",\"url\":\"https:\\\/\\\/colegioalemanmcbo.com\\\/cam\\\/\",\"name\":\"https:\\\/\\\/colegioalemanmcbo.com\\\/cam\\\/\",\"description\":\"Excelencia Educativa\",\"publisher\":{\"@id\":\"https:\\\/\\\/colegioalemanmcbo.com\\\/cam\\\/#organization\"},\"potentialAction\":[{\"@type\":\"SearchAction\",\"target\":{\"@type\":\"EntryPoint\",\"urlTemplate\":\"https:\\\/\\\/colegioalemanmcbo.com\\\/cam\\\/?s={search_term_string}\"},\"query-input\":{\"@type\":\"PropertyValueSpecification\",\"valueRequired\":true,\"valueName\":\"search_term_string\"}}],\"inLanguage\":\"es\"},{\"@type\":\"Organization\",\"@id\":\"https:\\\/\\\/colegioalemanmcbo.com\\\/cam\\\/#organization\",\"name\":\"Colegio Alem\u00e1n de Maracaibo\",\"url\":\"https:\\\/\\\/colegioalemanmcbo.com\\\/cam\\\/\",\"logo\":{\"@type\":\"ImageObject\",\"inLanguage\":\"es\",\"@id\":\"https:\\\/\\\/colegioalemanmcbo.com\\\/cam\\\/#\\\/schema\\\/logo\\\/image\\\/\",\"url\":\"https:\\\/\\\/colegioalemanmcbo.com\\\/cam\\\/wp-content\\\/uploads\\\/2026\\\/03\\\/logocam-w.png\",\"contentUrl\":\"https:\\\/\\\/colegioalemanmcbo.com\\\/cam\\\/wp-content\\\/uploads\\\/2026\\\/03\\\/logocam-w.png\",\"width\":322,\"height\":434,\"caption\":\"Colegio Alem\u00e1n de Maracaibo\"},\"image\":{\"@id\":\"https:\\\/\\\/colegioalemanmcbo.com\\\/cam\\\/#\\\/schema\\\/logo\\\/image\\\/\"},\"sameAs\":[\"https:\\\/\\\/www.facebook.com\\\/Colegioalemandemaracaibo\",\"https:\\\/\\\/x.com\\\/AlemanMaracaibo\",\"https:\\\/\\\/www.instagram.com\\\/alemanmaracaibo\\\/\"]}]}<\/script>\n<!-- \/ Yoast SEO plugin. -->","yoast_head_json":{"title":"Contacto - Colegio Alem\u00e1n de Maracaibo","robots":{"index":"index","follow":"follow","max-snippet":"max-snippet:-1","max-image-preview":"max-image-preview:large","max-video-preview":"max-video-preview:-1"},"canonical":"https:\/\/colegioalemanmcbo.com\/cam\/contacto\/","og_locale":"es_ES","og_type":"article","og_title":"Contacto - Colegio Alem\u00e1n de Maracaibo","og_description":"Contacto Completa este formulario con gusto nos pondremos en contacto Direcci\u00f3n Calle 10 F entre calles 24 y 25, Local 24-62 Sector Milagro Norte, Maracaibo, Edo. Zulia. Tel\u00e9fonos +58 0414-6679139 +58\u00a00424-6611526 Google Maps","og_url":"https:\/\/colegioalemanmcbo.com\/cam\/contacto\/","og_site_name":"Colegio Alem\u00e1n de Maracaibo","article_publisher":"https:\/\/www.facebook.com\/Colegioalemandemaracaibo","article_modified_time":"2026-03-26T15:25:23+00:00","og_image":[{"width":2000,"height":1125,"url":"https:\/\/colegioalemanmcbo.com\/cam\/wp-content\/uploads\/2024\/02\/FACHADACAM.jpg","type":"image\/jpeg"}],"twitter_card":"summary_large_image","twitter_site":"@AlemanMaracaibo","twitter_misc":{"Tiempo de lectura":"1 minuto"},"schema":{"@context":"https:\/\/schema.org","@graph":[{"@type":"WebPage","@id":"https:\/\/colegioalemanmcbo.com\/cam\/contacto\/","url":"https:\/\/colegioalemanmcbo.com\/cam\/contacto\/","name":"Contacto - Colegio Alem\u00e1n de Maracaibo","isPartOf":{"@id":"https:\/\/colegioalemanmcbo.com\/cam\/#website"},"primaryImageOfPage":{"@id":"https:\/\/colegioalemanmcbo.com\/cam\/contacto\/#primaryimage"},"image":{"@id":"https:\/\/colegioalemanmcbo.com\/cam\/contacto\/#primaryimage"},"thumbnailUrl":"https:\/\/colegioalemanmcbo.com\/cam\/wp-content\/uploads\/2024\/02\/FACHADACAM.jpg","datePublished":"2026-02-24T20:48:07+00:00","dateModified":"2026-03-26T15:25:23+00:00","breadcrumb":{"@id":"https:\/\/colegioalemanmcbo.com\/cam\/contacto\/#breadcrumb"},"inLanguage":"es","potentialAction":[{"@type":"ReadAction","target":["https:\/\/colegioalemanmcbo.com\/cam\/contacto\/"]}]},{"@type":"ImageObject","inLanguage":"es","@id":"https:\/\/colegioalemanmcbo.com\/cam\/contacto\/#primaryimage","url":"https:\/\/colegioalemanmcbo.com\/cam\/wp-content\/uploads\/2024\/02\/FACHADACAM.jpg","contentUrl":"https:\/\/colegioalemanmcbo.com\/cam\/wp-content\/uploads\/2024\/02\/FACHADACAM.jpg","width":2000,"height":1125},{"@type":"BreadcrumbList","@id":"https:\/\/colegioalemanmcbo.com\/cam\/contacto\/#breadcrumb","itemListElement":[{"@type":"ListItem","position":1,"name":"Portada","item":"https:\/\/colegioalemanmcbo.com\/cam\/"},{"@type":"ListItem","position":2,"name":"Contacto"}]},{"@type":"WebSite","@id":"https:\/\/colegioalemanmcbo.com\/cam\/#website","url":"https:\/\/colegioalemanmcbo.com\/cam\/","name":"https:\/\/colegioalemanmcbo.com\/cam\/","description":"Excelencia Educativa","publisher":{"@id":"https:\/\/colegioalemanmcbo.com\/cam\/#organization"},"potentialAction":[{"@type":"SearchAction","target":{"@type":"EntryPoint","urlTemplate":"https:\/\/colegioalemanmcbo.com\/cam\/?s={search_term_string}"},"query-input":{"@type":"PropertyValueSpecification","valueRequired":true,"valueName":"search_term_string"}}],"inLanguage":"es"},{"@type":"Organization","@id":"https:\/\/colegioalemanmcbo.com\/cam\/#organization","name":"Colegio Alem\u00e1n de Maracaibo","url":"https:\/\/colegioalemanmcbo.com\/cam\/","logo":{"@type":"ImageObject","inLanguage":"es","@id":"https:\/\/colegioalemanmcbo.com\/cam\/#\/schema\/logo\/image\/","url":"https:\/\/colegioalemanmcbo.com\/cam\/wp-content\/uploads\/2026\/03\/logocam-w.png","contentUrl":"https:\/\/colegioalemanmcbo.com\/cam\/wp-content\/uploads\/2026\/03\/logocam-w.png","width":322,"height":434,"caption":"Colegio Alem\u00e1n de Maracaibo"},"image":{"@id":"https:\/\/colegioalemanmcbo.com\/cam\/#\/schema\/logo\/image\/"},"sameAs":["https:\/\/www.facebook.com\/Colegioalemandemaracaibo","https:\/\/x.com\/AlemanMaracaibo","https:\/\/www.instagram.com\/alemanmaracaibo\/"]}]}},"_links":{"self":[{"href":"https:\/\/colegioalemanmcbo.com\/cam\/wp-json\/wp\/v2\/pages\/5029","targetHints":{"allow":["GET"]}}],"collection":[{"href":"https:\/\/colegioalemanmcbo.com\/cam\/wp-json\/wp\/v2\/pages"}],"about":[{"href":"https:\/\/colegioalemanmcbo.com\/cam\/wp-json\/wp\/v2\/types\/page"}],"author":[{"embeddable":true,"href":"https:\/\/colegioalemanmcbo.com\/cam\/wp-json\/wp\/v2\/users\/1"}],"replies":[{"embeddable":true,"href":"https:\/\/colegioalemanmcbo.com\/cam\/wp-json\/wp\/v2\/comments?post=5029"}],"version-history":[{"count":18,"href":"https:\/\/colegioalemanmcbo.com\/cam\/wp-json\/wp\/v2\/pages\/5029\/revisions"}],"predecessor-version":[{"id":6008,"href":"https:\/\/colegioalemanmcbo.com\/cam\/wp-json\/wp\/v2\/pages\/5029\/revisions\/6008"}],"wp:featuredmedia":[{"embeddable":true,"href":"https:\/\/colegioalemanmcbo.com\/cam\/wp-json\/wp\/v2\/media\/1264"}],"wp:attachment":[{"href":"https:\/\/colegioalemanmcbo.com\/cam\/wp-json\/wp\/v2\/media?parent=5029"}],"curies":[{"name":"wp","href":"https:\/\/api.w.org\/{rel}","templated":true}]}}