{"id":558,"date":"2023-12-12T23:01:22","date_gmt":"2023-12-12T23:01:22","guid":{"rendered":"https:\/\/colegioalemanmcbo.com\/cam\/?page_id=558"},"modified":"2026-03-26T12:19:40","modified_gmt":"2026-03-26T16:19:40","slug":"listas-escolares","status":"publish","type":"page","link":"https:\/\/colegioalemanmcbo.com\/cam\/listas-escolares\/","title":{"rendered":"Listas Escolares"},"content":{"rendered":"\t\t<div data-elementor-type=\"wp-page\" data-elementor-id=\"558\" class=\"elementor elementor-558\" data-elementor-post-type=\"page\">\n\t\t\t\t\t\t<section class=\"elementor-section elementor-top-section elementor-element elementor-element-691e7506 elementor-section-boxed elementor-section-height-default elementor-section-height-default\" data-id=\"691e7506\" data-element_type=\"section\" data-e-type=\"section\">\n\t\t\t\t\t\t\t<div class=\"elementor-background-overlay\"><\/div>\n\t\t\t\t\t\t\t<div class=\"elementor-container elementor-column-gap-default\">\n\t\t\t\t\t<div class=\"elementor-column elementor-col-100 elementor-top-column elementor-element elementor-element-4bf8296d\" data-id=\"4bf8296d\" data-element_type=\"column\" data-e-type=\"column\">\n\t\t\t<div class=\"elementor-widget-wrap elementor-element-populated\">\n\t\t\t\t\t\t<section class=\"elementor-section elementor-inner-section elementor-element elementor-element-5d9d165 elementor-section-boxed elementor-section-height-default elementor-section-height-default\" data-id=\"5d9d165\" data-element_type=\"section\" data-e-type=\"section\">\n\t\t\t\t\t\t<div class=\"elementor-container elementor-column-gap-default\">\n\t\t\t\t\t<div class=\"elementor-column elementor-col-100 elementor-inner-column elementor-element elementor-element-91eb26f\" data-id=\"91eb26f\" data-element_type=\"column\" data-e-type=\"column\">\n\t\t\t<div class=\"elementor-widget-wrap elementor-element-populated\">\n\t\t\t\t\t\t<div class=\"elementor-element elementor-element-59d9a24 elementor-widget elementor-widget-image\" data-id=\"59d9a24\" data-element_type=\"widget\" data-e-type=\"widget\" data-widget_type=\"image.default\">\n\t\t\t\t<div class=\"elementor-widget-container\">\n\t\t\t\t\t\t\t\t\t\t\t\t\t\t\t<img fetchpriority=\"high\" decoding=\"async\" width=\"773\" height=\"172\" src=\"https:\/\/colegioalemanmcbo.com\/cam\/wp-content\/uploads\/2026\/03\/camlog.png\" class=\"attachment-large size-large wp-image-6058\" alt=\"\" srcset=\"https:\/\/colegioalemanmcbo.com\/cam\/wp-content\/uploads\/2026\/03\/camlog.png 773w, https:\/\/colegioalemanmcbo.com\/cam\/wp-content\/uploads\/2026\/03\/camlog-300x67.png 300w, https:\/\/colegioalemanmcbo.com\/cam\/wp-content\/uploads\/2026\/03\/camlog-768x171.png 768w\" sizes=\"(max-width: 773px) 100vw, 773px\" \/>\t\t\t\t\t\t\t\t\t\t\t\t\t\t\t<\/div>\n\t\t\t\t<\/div>\n\t\t\t\t\t<\/div>\n\t\t<\/div>\n\t\t\t\t\t<\/div>\n\t\t<\/section>\n\t\t\t\t<div class=\"elementor-element elementor-element-3ff02ab7 elementor-widget elementor-widget-text-editor\" data-id=\"3ff02ab7\" data-element_type=\"widget\" data-e-type=\"widget\" data-widget_type=\"text-editor.default\">\n\t\t\t\t<div class=\"elementor-widget-container\">\n\t\t\t\t\t\t\t\t\t<p>Selecciona y descarga la lista escolar de tu representado<\/p>\t\t\t\t\t\t\t\t<\/div>\n\t\t\t\t<\/div>\n\t\t\t\t\t<\/div>\n\t\t<\/div>\n\t\t\t\t\t<\/div>\n\t\t<\/section>\n\t\t\t\t<section class=\"elementor-section elementor-top-section elementor-element elementor-element-9d9ef9f elementor-section-height-min-height elementor-section-boxed elementor-section-height-default elementor-section-items-middle\" data-id=\"9d9ef9f\" data-element_type=\"section\" data-e-type=\"section\" data-settings=\"{&quot;background_background&quot;:&quot;classic&quot;}\">\n\t\t\t\t\t\t<div class=\"elementor-container elementor-column-gap-default\">\n\t\t\t\t\t<div class=\"elementor-column elementor-col-100 elementor-top-column elementor-element elementor-element-da7e8ca\" data-id=\"da7e8ca\" data-element_type=\"column\" data-e-type=\"column\" data-settings=\"{&quot;background_background&quot;:&quot;classic&quot;}\">\n\t\t\t<div class=\"elementor-widget-wrap elementor-element-populated\">\n\t\t\t\t\t\t<div class=\"elementor-element elementor-element-6584b4e elementor-nav-menu__align-start elementor-nav-menu--dropdown-tablet elementor-nav-menu__text-align-aside elementor-widget elementor-widget-nav-menu\" data-id=\"6584b4e\" data-element_type=\"widget\" data-e-type=\"widget\" data-settings=\"{&quot;layout&quot;:&quot;horizontal&quot;,&quot;submenu_icon&quot;:{&quot;value&quot;:&quot;&lt;i class=\\&quot;fas fa-caret-down\\&quot; aria-hidden=\\&quot;true\\&quot;&gt;&lt;\\\/i&gt;&quot;,&quot;library&quot;:&quot;fa-solid&quot;}}\" data-widget_type=\"nav-menu.default\">\n\t\t\t\t<div class=\"elementor-widget-container\">\n\t\t\t\t\t\t\t\t<nav aria-label=\"Menu\" class=\"elementor-nav-menu--main elementor-nav-menu__container elementor-nav-menu--layout-horizontal e--pointer-background e--animation-fade\">\n\t\t\t\t<ul id=\"menu-1-6584b4e\" class=\"elementor-nav-menu\"><li class=\"menu-item menu-item-type-custom menu-item-object-custom menu-item-home menu-item-has-children menu-item-561\"><a href=\"https:\/\/colegioalemanmcbo.com\/cam\/#\" class=\"elementor-item elementor-item-anchor\">Educaci\u00f3n Inicial<\/a>\n<ul class=\"sub-menu elementor-nav-menu--dropdown\">\n\t<li class=\"menu-item menu-item-type-custom menu-item-object-custom menu-item-562\"><a href=\"https:\/\/colegioalemanmcbo.com\/cam\/wp-content\/uploads\/2025\/07\/LISTA-DE-UTILES-SALA-DE-3-ANOS-2025-2026.pdf\" class=\"elementor-sub-item\">Sala 3 a\u00f1os<\/a><\/li>\n\t<li class=\"menu-item menu-item-type-custom menu-item-object-custom menu-item-563\"><a href=\"https:\/\/colegioalemanmcbo.com\/cam\/wp-content\/uploads\/2025\/07\/LISTA-DE-UTILES-SALA-DE-4-ANOS-2025-2026.pdf\" class=\"elementor-sub-item\">Sala 4 a\u00f1os<\/a><\/li>\n\t<li class=\"menu-item menu-item-type-custom menu-item-object-custom menu-item-564\"><a href=\"https:\/\/colegioalemanmcbo.com\/cam\/wp-content\/uploads\/2025\/07\/LISTA-DE-UTILES-SALA-DE-5-ANOS-2025-2026.pdf\" class=\"elementor-sub-item\">Sala 5 a\u00f1os<\/a><\/li>\n<\/ul>\n<\/li>\n<li class=\"menu-item menu-item-type-custom menu-item-object-custom menu-item-home menu-item-has-children menu-item-565\"><a href=\"https:\/\/colegioalemanmcbo.com\/cam\/#\" class=\"elementor-item elementor-item-anchor\">Educaci\u00f3n Primaria<\/a>\n<ul class=\"sub-menu elementor-nav-menu--dropdown\">\n\t<li class=\"menu-item menu-item-type-custom menu-item-object-custom menu-item-566\"><a href=\"https:\/\/colegioalemanmcbo.com\/cam\/wp-content\/uploads\/2025\/07\/LISTA-DE-UTILES-1ER-GRADO-2025-2026.pdf\" class=\"elementor-sub-item\">1er. Grado<\/a><\/li>\n\t<li class=\"menu-item menu-item-type-custom menu-item-object-custom menu-item-567\"><a href=\"https:\/\/colegioalemanmcbo.com\/cam\/wp-content\/uploads\/2025\/07\/LISTA-DE-UTILES-2DO-GRADO-2025-2026.pdf\" class=\"elementor-sub-item\">2do. Grado<\/a><\/li>\n\t<li class=\"menu-item menu-item-type-custom menu-item-object-custom menu-item-568\"><a href=\"https:\/\/colegioalemanmcbo.com\/cam\/wp-content\/uploads\/2025\/07\/LISTA-DE-UTILES-3ER-GRADO-2025-2026.pdf\" class=\"elementor-sub-item\">3er. Grado<\/a><\/li>\n\t<li class=\"menu-item menu-item-type-custom menu-item-object-custom menu-item-569\"><a href=\"https:\/\/colegioalemanmcbo.com\/cam\/wp-content\/uploads\/2025\/07\/LISTA-DE-UTILES-4TO-GRADO-2025-2026.pdf\" class=\"elementor-sub-item\">4to. Grado<\/a><\/li>\n\t<li class=\"menu-item menu-item-type-custom menu-item-object-custom menu-item-570\"><a href=\"https:\/\/colegioalemanmcbo.com\/cam\/wp-content\/uploads\/2025\/07\/LISTA-DE-UTILES-5TO-GRADO-2025-2026.pdf\" class=\"elementor-sub-item\">5to. Grado<\/a><\/li>\n\t<li class=\"menu-item menu-item-type-custom menu-item-object-custom menu-item-571\"><a href=\"https:\/\/colegioalemanmcbo.com\/cam\/wp-content\/uploads\/2025\/07\/LISTA-DE-UTILES-6TO-GRADO-2025-2026.pdf\" class=\"elementor-sub-item\">6to. Grado<\/a><\/li>\n<\/ul>\n<\/li>\n<li class=\"menu-item menu-item-type-custom menu-item-object-custom menu-item-home menu-item-has-children menu-item-572\"><a href=\"https:\/\/colegioalemanmcbo.com\/cam\/#\" class=\"elementor-item elementor-item-anchor\">Educaci\u00f3n Media<\/a>\n<ul class=\"sub-menu elementor-nav-menu--dropdown\">\n\t<li class=\"menu-item menu-item-type-custom menu-item-object-custom menu-item-573\"><a href=\"https:\/\/colegioalemanmcbo.com\/cam\/wp-content\/uploads\/2025\/07\/Lista-Escolar-1er-ano-2025-2026.pdf\" class=\"elementor-sub-item\">1er. A\u00f1o<\/a><\/li>\n\t<li class=\"menu-item menu-item-type-custom menu-item-object-custom menu-item-574\"><a href=\"https:\/\/colegioalemanmcbo.com\/cam\/wp-content\/uploads\/2025\/07\/Lista-Escolar-2do-ano-2025-2026.pdf\" class=\"elementor-sub-item\">2do. A\u00f1o<\/a><\/li>\n\t<li class=\"menu-item menu-item-type-custom menu-item-object-custom menu-item-575\"><a href=\"https:\/\/colegioalemanmcbo.com\/cam\/wp-content\/uploads\/2025\/07\/Lista-Escolar-3er-ano-2025-2026.pdf\" class=\"elementor-sub-item\">3er. A\u00f1o<\/a><\/li>\n\t<li class=\"menu-item menu-item-type-custom menu-item-object-custom menu-item-576\"><a href=\"https:\/\/colegioalemanmcbo.com\/cam\/wp-content\/uploads\/2025\/07\/Lista-Escolar-4to-ano-2025-2026.pdf\" class=\"elementor-sub-item\">4to. A\u00f1o<\/a><\/li>\n\t<li class=\"menu-item menu-item-type-custom menu-item-object-custom menu-item-577\"><a href=\"https:\/\/colegioalemanmcbo.com\/cam\/wp-content\/uploads\/2025\/07\/Lista-Escolar-5to-ano-2025-2026.pdf\" class=\"elementor-sub-item\">5to. A\u00f1o<\/a><\/li>\n<\/ul>\n<\/li>\n<\/ul>\t\t\t<\/nav>\n\t\t\t\t\t\t<nav class=\"elementor-nav-menu--dropdown elementor-nav-menu__container\" aria-hidden=\"true\">\n\t\t\t\t<ul id=\"menu-2-6584b4e\" class=\"elementor-nav-menu\"><li class=\"menu-item menu-item-type-custom menu-item-object-custom menu-item-home menu-item-has-children menu-item-561\"><a href=\"https:\/\/colegioalemanmcbo.com\/cam\/#\" class=\"elementor-item elementor-item-anchor\" tabindex=\"-1\">Educaci\u00f3n Inicial<\/a>\n<ul class=\"sub-menu elementor-nav-menu--dropdown\">\n\t<li class=\"menu-item menu-item-type-custom menu-item-object-custom menu-item-562\"><a href=\"https:\/\/colegioalemanmcbo.com\/cam\/wp-content\/uploads\/2025\/07\/LISTA-DE-UTILES-SALA-DE-3-ANOS-2025-2026.pdf\" class=\"elementor-sub-item\" tabindex=\"-1\">Sala 3 a\u00f1os<\/a><\/li>\n\t<li class=\"menu-item menu-item-type-custom menu-item-object-custom menu-item-563\"><a href=\"https:\/\/colegioalemanmcbo.com\/cam\/wp-content\/uploads\/2025\/07\/LISTA-DE-UTILES-SALA-DE-4-ANOS-2025-2026.pdf\" class=\"elementor-sub-item\" tabindex=\"-1\">Sala 4 a\u00f1os<\/a><\/li>\n\t<li class=\"menu-item menu-item-type-custom menu-item-object-custom menu-item-564\"><a href=\"https:\/\/colegioalemanmcbo.com\/cam\/wp-content\/uploads\/2025\/07\/LISTA-DE-UTILES-SALA-DE-5-ANOS-2025-2026.pdf\" class=\"elementor-sub-item\" tabindex=\"-1\">Sala 5 a\u00f1os<\/a><\/li>\n<\/ul>\n<\/li>\n<li class=\"menu-item menu-item-type-custom menu-item-object-custom menu-item-home menu-item-has-children menu-item-565\"><a href=\"https:\/\/colegioalemanmcbo.com\/cam\/#\" class=\"elementor-item elementor-item-anchor\" tabindex=\"-1\">Educaci\u00f3n Primaria<\/a>\n<ul class=\"sub-menu elementor-nav-menu--dropdown\">\n\t<li class=\"menu-item menu-item-type-custom menu-item-object-custom menu-item-566\"><a href=\"https:\/\/colegioalemanmcbo.com\/cam\/wp-content\/uploads\/2025\/07\/LISTA-DE-UTILES-1ER-GRADO-2025-2026.pdf\" class=\"elementor-sub-item\" tabindex=\"-1\">1er. Grado<\/a><\/li>\n\t<li class=\"menu-item menu-item-type-custom menu-item-object-custom menu-item-567\"><a href=\"https:\/\/colegioalemanmcbo.com\/cam\/wp-content\/uploads\/2025\/07\/LISTA-DE-UTILES-2DO-GRADO-2025-2026.pdf\" class=\"elementor-sub-item\" tabindex=\"-1\">2do. Grado<\/a><\/li>\n\t<li class=\"menu-item menu-item-type-custom menu-item-object-custom menu-item-568\"><a href=\"https:\/\/colegioalemanmcbo.com\/cam\/wp-content\/uploads\/2025\/07\/LISTA-DE-UTILES-3ER-GRADO-2025-2026.pdf\" class=\"elementor-sub-item\" tabindex=\"-1\">3er. Grado<\/a><\/li>\n\t<li class=\"menu-item menu-item-type-custom menu-item-object-custom menu-item-569\"><a href=\"https:\/\/colegioalemanmcbo.com\/cam\/wp-content\/uploads\/2025\/07\/LISTA-DE-UTILES-4TO-GRADO-2025-2026.pdf\" class=\"elementor-sub-item\" tabindex=\"-1\">4to. Grado<\/a><\/li>\n\t<li class=\"menu-item menu-item-type-custom menu-item-object-custom menu-item-570\"><a href=\"https:\/\/colegioalemanmcbo.com\/cam\/wp-content\/uploads\/2025\/07\/LISTA-DE-UTILES-5TO-GRADO-2025-2026.pdf\" class=\"elementor-sub-item\" tabindex=\"-1\">5to. Grado<\/a><\/li>\n\t<li class=\"menu-item menu-item-type-custom menu-item-object-custom menu-item-571\"><a href=\"https:\/\/colegioalemanmcbo.com\/cam\/wp-content\/uploads\/2025\/07\/LISTA-DE-UTILES-6TO-GRADO-2025-2026.pdf\" class=\"elementor-sub-item\" tabindex=\"-1\">6to. Grado<\/a><\/li>\n<\/ul>\n<\/li>\n<li class=\"menu-item menu-item-type-custom menu-item-object-custom menu-item-home menu-item-has-children menu-item-572\"><a href=\"https:\/\/colegioalemanmcbo.com\/cam\/#\" class=\"elementor-item elementor-item-anchor\" tabindex=\"-1\">Educaci\u00f3n Media<\/a>\n<ul class=\"sub-menu elementor-nav-menu--dropdown\">\n\t<li class=\"menu-item menu-item-type-custom menu-item-object-custom menu-item-573\"><a href=\"https:\/\/colegioalemanmcbo.com\/cam\/wp-content\/uploads\/2025\/07\/Lista-Escolar-1er-ano-2025-2026.pdf\" class=\"elementor-sub-item\" tabindex=\"-1\">1er. A\u00f1o<\/a><\/li>\n\t<li class=\"menu-item menu-item-type-custom menu-item-object-custom menu-item-574\"><a href=\"https:\/\/colegioalemanmcbo.com\/cam\/wp-content\/uploads\/2025\/07\/Lista-Escolar-2do-ano-2025-2026.pdf\" class=\"elementor-sub-item\" tabindex=\"-1\">2do. A\u00f1o<\/a><\/li>\n\t<li class=\"menu-item menu-item-type-custom menu-item-object-custom menu-item-575\"><a href=\"https:\/\/colegioalemanmcbo.com\/cam\/wp-content\/uploads\/2025\/07\/Lista-Escolar-3er-ano-2025-2026.pdf\" class=\"elementor-sub-item\" tabindex=\"-1\">3er. A\u00f1o<\/a><\/li>\n\t<li class=\"menu-item menu-item-type-custom menu-item-object-custom menu-item-576\"><a href=\"https:\/\/colegioalemanmcbo.com\/cam\/wp-content\/uploads\/2025\/07\/Lista-Escolar-4to-ano-2025-2026.pdf\" class=\"elementor-sub-item\" tabindex=\"-1\">4to. A\u00f1o<\/a><\/li>\n\t<li class=\"menu-item menu-item-type-custom menu-item-object-custom menu-item-577\"><a href=\"https:\/\/colegioalemanmcbo.com\/cam\/wp-content\/uploads\/2025\/07\/Lista-Escolar-5to-ano-2025-2026.pdf\" class=\"elementor-sub-item\" tabindex=\"-1\">5to. A\u00f1o<\/a><\/li>\n<\/ul>\n<\/li>\n<\/ul>\t\t\t<\/nav>\n\t\t\t\t\t\t<\/div>\n\t\t\t\t<\/div>\n\t\t\t\t\t<\/div>\n\t\t<\/div>\n\t\t\t\t\t<\/div>\n\t\t<\/section>\n\t\t\t\t<\/div>\n\t\t","protected":false},"excerpt":{"rendered":"<p>Selecciona y descarga la lista escolar de tu representado<\/p>\n","protected":false},"author":1,"featured_media":0,"parent":0,"menu_order":0,"comment_status":"closed","ping_status":"closed","template":"","meta":{"_joinchat":[],"footnotes":""},"class_list":["post-558","page","type-page","status-publish","hentry"],"yoast_head":"<!-- This site is optimized with the Yoast SEO plugin v27.3 - https:\/\/yoast.com\/product\/yoast-seo-wordpress\/ -->\n<title>Listas Escolares - Colegio Alem\u00e1n de Maracaibo<\/title>\n<meta name=\"description\" content=\"Descarga las listas escolares del Colegio Alem\u00e1n de Maracaibo de tu representado de forma r\u00e1pida en formato PDF desde cualquier dispositivo\" \/>\n<meta name=\"robots\" content=\"index, follow, max-snippet:-1, max-image-preview:large, max-video-preview:-1\" \/>\n<link rel=\"canonical\" href=\"https:\/\/colegioalemanmcbo.com\/cam\/listas-escolares\/\" \/>\n<meta property=\"og:locale\" content=\"es_ES\" \/>\n<meta property=\"og:type\" content=\"article\" \/>\n<meta property=\"og:title\" content=\"Listas Escolares - Colegio Alem\u00e1n de Maracaibo\" \/>\n<meta property=\"og:description\" content=\"Descarga las listas escolares del Colegio Alem\u00e1n de Maracaibo de tu representado de forma r\u00e1pida en formato PDF desde cualquier dispositivo\" \/>\n<meta property=\"og:url\" content=\"https:\/\/colegioalemanmcbo.com\/cam\/listas-escolares\/\" \/>\n<meta property=\"og:site_name\" content=\"Colegio Alem\u00e1n de Maracaibo\" \/>\n<meta property=\"article:publisher\" content=\"https:\/\/www.facebook.com\/Colegioalemandemaracaibo\" \/>\n<meta property=\"article:modified_time\" content=\"2026-03-26T16:19:40+00:00\" \/>\n<meta property=\"og:image\" content=\"https:\/\/colegioalemanmcbo.com\/cam\/wp-content\/uploads\/2026\/03\/camlog.png\" \/>\n\t<meta property=\"og:image:width\" content=\"773\" \/>\n\t<meta property=\"og:image:height\" content=\"172\" \/>\n\t<meta property=\"og:image:type\" content=\"image\/png\" \/>\n<meta name=\"twitter:card\" content=\"summary_large_image\" \/>\n<meta name=\"twitter:site\" content=\"@AlemanMaracaibo\" \/>\n<meta name=\"twitter:label1\" content=\"Tiempo de lectura\" \/>\n\t<meta name=\"twitter:data1\" content=\"1 minuto\" \/>\n<script type=\"application\/ld+json\" class=\"yoast-schema-graph\">{\"@context\":\"https:\\\/\\\/schema.org\",\"@graph\":[{\"@type\":\"WebPage\",\"@id\":\"https:\\\/\\\/colegioalemanmcbo.com\\\/cam\\\/listas-escolares\\\/\",\"url\":\"https:\\\/\\\/colegioalemanmcbo.com\\\/cam\\\/listas-escolares\\\/\",\"name\":\"Listas Escolares - Colegio Alem\u00e1n de Maracaibo\",\"isPartOf\":{\"@id\":\"https:\\\/\\\/colegioalemanmcbo.com\\\/cam\\\/#website\"},\"primaryImageOfPage\":{\"@id\":\"https:\\\/\\\/colegioalemanmcbo.com\\\/cam\\\/listas-escolares\\\/#primaryimage\"},\"image\":{\"@id\":\"https:\\\/\\\/colegioalemanmcbo.com\\\/cam\\\/listas-escolares\\\/#primaryimage\"},\"thumbnailUrl\":\"https:\\\/\\\/colegioalemanmcbo.com\\\/cam\\\/wp-content\\\/uploads\\\/2026\\\/03\\\/camlog.png\",\"datePublished\":\"2023-12-12T23:01:22+00:00\",\"dateModified\":\"2026-03-26T16:19:40+00:00\",\"description\":\"Descarga las listas escolares del Colegio Alem\u00e1n de Maracaibo de tu representado de forma r\u00e1pida en formato PDF desde cualquier dispositivo\",\"breadcrumb\":{\"@id\":\"https:\\\/\\\/colegioalemanmcbo.com\\\/cam\\\/listas-escolares\\\/#breadcrumb\"},\"inLanguage\":\"es\",\"potentialAction\":[{\"@type\":\"ReadAction\",\"target\":[\"https:\\\/\\\/colegioalemanmcbo.com\\\/cam\\\/listas-escolares\\\/\"]}]},{\"@type\":\"ImageObject\",\"inLanguage\":\"es\",\"@id\":\"https:\\\/\\\/colegioalemanmcbo.com\\\/cam\\\/listas-escolares\\\/#primaryimage\",\"url\":\"https:\\\/\\\/colegioalemanmcbo.com\\\/cam\\\/wp-content\\\/uploads\\\/2026\\\/03\\\/camlog.png\",\"contentUrl\":\"https:\\\/\\\/colegioalemanmcbo.com\\\/cam\\\/wp-content\\\/uploads\\\/2026\\\/03\\\/camlog.png\",\"width\":773,\"height\":172},{\"@type\":\"BreadcrumbList\",\"@id\":\"https:\\\/\\\/colegioalemanmcbo.com\\\/cam\\\/listas-escolares\\\/#breadcrumb\",\"itemListElement\":[{\"@type\":\"ListItem\",\"position\":1,\"name\":\"Portada\",\"item\":\"https:\\\/\\\/colegioalemanmcbo.com\\\/cam\\\/\"},{\"@type\":\"ListItem\",\"position\":2,\"name\":\"Listas Escolares\"}]},{\"@type\":\"WebSite\",\"@id\":\"https:\\\/\\\/colegioalemanmcbo.com\\\/cam\\\/#website\",\"url\":\"https:\\\/\\\/colegioalemanmcbo.com\\\/cam\\\/\",\"name\":\"https:\\\/\\\/colegioalemanmcbo.com\\\/cam\\\/\",\"description\":\"Excelencia Educativa\",\"publisher\":{\"@id\":\"https:\\\/\\\/colegioalemanmcbo.com\\\/cam\\\/#organization\"},\"potentialAction\":[{\"@type\":\"SearchAction\",\"target\":{\"@type\":\"EntryPoint\",\"urlTemplate\":\"https:\\\/\\\/colegioalemanmcbo.com\\\/cam\\\/?s={search_term_string}\"},\"query-input\":{\"@type\":\"PropertyValueSpecification\",\"valueRequired\":true,\"valueName\":\"search_term_string\"}}],\"inLanguage\":\"es\"},{\"@type\":\"Organization\",\"@id\":\"https:\\\/\\\/colegioalemanmcbo.com\\\/cam\\\/#organization\",\"name\":\"Colegio Alem\u00e1n de Maracaibo\",\"url\":\"https:\\\/\\\/colegioalemanmcbo.com\\\/cam\\\/\",\"logo\":{\"@type\":\"ImageObject\",\"inLanguage\":\"es\",\"@id\":\"https:\\\/\\\/colegioalemanmcbo.com\\\/cam\\\/#\\\/schema\\\/logo\\\/image\\\/\",\"url\":\"https:\\\/\\\/colegioalemanmcbo.com\\\/cam\\\/wp-content\\\/uploads\\\/2026\\\/03\\\/logocam-w.png\",\"contentUrl\":\"https:\\\/\\\/colegioalemanmcbo.com\\\/cam\\\/wp-content\\\/uploads\\\/2026\\\/03\\\/logocam-w.png\",\"width\":322,\"height\":434,\"caption\":\"Colegio Alem\u00e1n de Maracaibo\"},\"image\":{\"@id\":\"https:\\\/\\\/colegioalemanmcbo.com\\\/cam\\\/#\\\/schema\\\/logo\\\/image\\\/\"},\"sameAs\":[\"https:\\\/\\\/www.facebook.com\\\/Colegioalemandemaracaibo\",\"https:\\\/\\\/x.com\\\/AlemanMaracaibo\",\"https:\\\/\\\/www.instagram.com\\\/alemanmaracaibo\\\/\"]}]}<\/script>\n<!-- \/ Yoast SEO plugin. -->","yoast_head_json":{"title":"Listas Escolares - Colegio Alem\u00e1n de Maracaibo","description":"Descarga las listas escolares del Colegio Alem\u00e1n de Maracaibo de tu representado de forma r\u00e1pida en formato PDF desde cualquier dispositivo","robots":{"index":"index","follow":"follow","max-snippet":"max-snippet:-1","max-image-preview":"max-image-preview:large","max-video-preview":"max-video-preview:-1"},"canonical":"https:\/\/colegioalemanmcbo.com\/cam\/listas-escolares\/","og_locale":"es_ES","og_type":"article","og_title":"Listas Escolares - Colegio Alem\u00e1n de Maracaibo","og_description":"Descarga las listas escolares del Colegio Alem\u00e1n de Maracaibo de tu representado de forma r\u00e1pida en formato PDF desde cualquier dispositivo","og_url":"https:\/\/colegioalemanmcbo.com\/cam\/listas-escolares\/","og_site_name":"Colegio Alem\u00e1n de Maracaibo","article_publisher":"https:\/\/www.facebook.com\/Colegioalemandemaracaibo","article_modified_time":"2026-03-26T16:19:40+00:00","og_image":[{"width":773,"height":172,"url":"https:\/\/colegioalemanmcbo.com\/cam\/wp-content\/uploads\/2026\/03\/camlog.png","type":"image\/png"}],"twitter_card":"summary_large_image","twitter_site":"@AlemanMaracaibo","twitter_misc":{"Tiempo de lectura":"1 minuto"},"schema":{"@context":"https:\/\/schema.org","@graph":[{"@type":"WebPage","@id":"https:\/\/colegioalemanmcbo.com\/cam\/listas-escolares\/","url":"https:\/\/colegioalemanmcbo.com\/cam\/listas-escolares\/","name":"Listas Escolares - Colegio Alem\u00e1n de Maracaibo","isPartOf":{"@id":"https:\/\/colegioalemanmcbo.com\/cam\/#website"},"primaryImageOfPage":{"@id":"https:\/\/colegioalemanmcbo.com\/cam\/listas-escolares\/#primaryimage"},"image":{"@id":"https:\/\/colegioalemanmcbo.com\/cam\/listas-escolares\/#primaryimage"},"thumbnailUrl":"https:\/\/colegioalemanmcbo.com\/cam\/wp-content\/uploads\/2026\/03\/camlog.png","datePublished":"2023-12-12T23:01:22+00:00","dateModified":"2026-03-26T16:19:40+00:00","description":"Descarga las listas escolares del Colegio Alem\u00e1n de Maracaibo de tu representado de forma r\u00e1pida en formato PDF desde cualquier dispositivo","breadcrumb":{"@id":"https:\/\/colegioalemanmcbo.com\/cam\/listas-escolares\/#breadcrumb"},"inLanguage":"es","potentialAction":[{"@type":"ReadAction","target":["https:\/\/colegioalemanmcbo.com\/cam\/listas-escolares\/"]}]},{"@type":"ImageObject","inLanguage":"es","@id":"https:\/\/colegioalemanmcbo.com\/cam\/listas-escolares\/#primaryimage","url":"https:\/\/colegioalemanmcbo.com\/cam\/wp-content\/uploads\/2026\/03\/camlog.png","contentUrl":"https:\/\/colegioalemanmcbo.com\/cam\/wp-content\/uploads\/2026\/03\/camlog.png","width":773,"height":172},{"@type":"BreadcrumbList","@id":"https:\/\/colegioalemanmcbo.com\/cam\/listas-escolares\/#breadcrumb","itemListElement":[{"@type":"ListItem","position":1,"name":"Portada","item":"https:\/\/colegioalemanmcbo.com\/cam\/"},{"@type":"ListItem","position":2,"name":"Listas Escolares"}]},{"@type":"WebSite","@id":"https:\/\/colegioalemanmcbo.com\/cam\/#website","url":"https:\/\/colegioalemanmcbo.com\/cam\/","name":"https:\/\/colegioalemanmcbo.com\/cam\/","description":"Excelencia Educativa","publisher":{"@id":"https:\/\/colegioalemanmcbo.com\/cam\/#organization"},"potentialAction":[{"@type":"SearchAction","target":{"@type":"EntryPoint","urlTemplate":"https:\/\/colegioalemanmcbo.com\/cam\/?s={search_term_string}"},"query-input":{"@type":"PropertyValueSpecification","valueRequired":true,"valueName":"search_term_string"}}],"inLanguage":"es"},{"@type":"Organization","@id":"https:\/\/colegioalemanmcbo.com\/cam\/#organization","name":"Colegio Alem\u00e1n de Maracaibo","url":"https:\/\/colegioalemanmcbo.com\/cam\/","logo":{"@type":"ImageObject","inLanguage":"es","@id":"https:\/\/colegioalemanmcbo.com\/cam\/#\/schema\/logo\/image\/","url":"https:\/\/colegioalemanmcbo.com\/cam\/wp-content\/uploads\/2026\/03\/logocam-w.png","contentUrl":"https:\/\/colegioalemanmcbo.com\/cam\/wp-content\/uploads\/2026\/03\/logocam-w.png","width":322,"height":434,"caption":"Colegio Alem\u00e1n de Maracaibo"},"image":{"@id":"https:\/\/colegioalemanmcbo.com\/cam\/#\/schema\/logo\/image\/"},"sameAs":["https:\/\/www.facebook.com\/Colegioalemandemaracaibo","https:\/\/x.com\/AlemanMaracaibo","https:\/\/www.instagram.com\/alemanmaracaibo\/"]}]}},"_links":{"self":[{"href":"https:\/\/colegioalemanmcbo.com\/cam\/wp-json\/wp\/v2\/pages\/558","targetHints":{"allow":["GET"]}}],"collection":[{"href":"https:\/\/colegioalemanmcbo.com\/cam\/wp-json\/wp\/v2\/pages"}],"about":[{"href":"https:\/\/colegioalemanmcbo.com\/cam\/wp-json\/wp\/v2\/types\/page"}],"author":[{"embeddable":true,"href":"https:\/\/colegioalemanmcbo.com\/cam\/wp-json\/wp\/v2\/users\/1"}],"replies":[{"embeddable":true,"href":"https:\/\/colegioalemanmcbo.com\/cam\/wp-json\/wp\/v2\/comments?post=558"}],"version-history":[{"count":10,"href":"https:\/\/colegioalemanmcbo.com\/cam\/wp-json\/wp\/v2\/pages\/558\/revisions"}],"predecessor-version":[{"id":6061,"href":"https:\/\/colegioalemanmcbo.com\/cam\/wp-json\/wp\/v2\/pages\/558\/revisions\/6061"}],"wp:attachment":[{"href":"https:\/\/colegioalemanmcbo.com\/cam\/wp-json\/wp\/v2\/media?parent=558"}],"curies":[{"name":"wp","href":"https:\/\/api.w.org\/{rel}","templated":true}]}}